{"id":9997,"date":"2021-05-29T19:19:52","date_gmt":"2021-05-29T17:19:52","guid":{"rendered":"https:\/\/moeckernkiez.org\/?page_id=9997"},"modified":"2021-05-29T19:21:06","modified_gmt":"2021-05-29T17:21:06","slug":"moeckernkiez-newsletter-nr-33-juni-2021-auszug","status":"publish","type":"page","link":"https:\/\/moeckernkiez.org\/?page_id=9997","title":{"rendered":"M\u00f6ckernkiez Newsletter &#8211; Nr. 33 &#8211; Juni 2021 (Auszug)"},"content":{"rendered":"\n<p><strong>Interessenvertretung der Mitglieder, die nicht im M\u00f6ckernkiez wohnen<\/strong><br>\u201eHausgruppe Hoffnung\u201c?<br>Rund 2700 Mitglieder hat die Genossenschaft inzwischen, aber nur grob gesch\u00e4tzt 750 sind in den M\u00f6ckernkiez eingezogen. Das ist gerade mal ein Viertel der Mitgliedschaft. Wer sind die anderen, wie k\u00f6nnen sie sich in die Genossenschaft einbringen? Wer hier nicht wohnt, geh\u00f6rt zur imagin\u00e4ren \u201eHausgruppe Null\u201c. Von dieser Hausgruppe hat man aber lange nichts geh\u00f6rt. Es gab zwar von Anfang an gew\u00e4hlte Hausgruppen-sprecher:innen, die jedoch nie an den Beiratssitzungen teilgenommen haben. Erst vor gut einem Jahr haben Aino Simon und Thorsten Herdickerhoff damit begonnen, die Hausgruppe Null zu aktivieren. Diese Bem\u00fchungen wurden durch Corona stark ausgebremst, aber am 4. Mai 2021 hat sich die Hausgruppe dann doch in einer Videokonferenz mit rund hundert Teilnehmenden konstituiert. Das Online-Format machte es m\u00f6glich, dass auch Genoss:innen aus Br\u00fcssel, Flensburg, M\u00fcnchen und sogar aus San Francisco zuh\u00f6ren und mitreden konnten.<br>Ein zentrales Thema des Treffens waren die Richtlinien zur Vergabe von frei gewordenen Wohnungen, die momentan im Beirat diskutiert werden. Viele, die sich zu Wort gemeldet haben, \u00e4u\u00dferten sich sehr unzufrieden \u00fcber die bisherige Praxis. Sie haben das Gef\u00fchl, benachteiligt zu sein gegen\u00fcber jenen, die bereits im Kiez wohnen und bei einer Ver\u00e4nderung ihrer Lebenssituation daran interessiert sind, eine kleinere oder gr\u00f6\u00dfere Wohnung zu bekommen. Bei der Neuvergabe der 25 Wohnungen, die 2019 und 2020 frei wurden, sind allerdings nur 5 an im Kiez Wohnende mit einem Sondervorrecht vergeben worden, bei 15 war ausschlie\u00dflich die Mitgliedsnummer das entscheidende Kriterium. Die vorliegenden Entw\u00fcrfe f\u00fcr eine Neufassung der Richtlinien lassen die Hausgruppe Null jedoch bef\u00fcrchten, dass der Vorrang von bereits im Kiez Wohnenden ein st\u00e4rkeres Gewicht bekommt.<br>Die weitere Diskussion drehte sich um die Frage, ob die nicht im Kiez wohnenden Genoss:innen ihre zahlenm\u00e4\u00dfig deutliche Mehrheit daf\u00fcr nutzen sollten, bei der Abstimmung auf einer Mitgliederversammlung die<br>vorgesehenen Neuregelungen zu kippen oder ob versucht werden soll, im Vorfeld auf \u00c4nderungen zu dringen und zu einem Konsens zu kommen. Da bahnt sich also eine brisante Debatte an. Die bisher mit den Richtlinien befassten Gremien werden sich \u00fcberlegen m\u00fcssen, wie sie auf die Hausgruppe Null zugehen k\u00f6nnen, die immerhin auch insgesamt Gesch\u00e4ftsanteile in H\u00f6he von 7 Millionen Euro gezeichnet hat. Viele in der Hausgruppe Null unterst\u00fctzen das Vorhaben, weitere Wohnprojekte zu starten. Nicht alle wollen jedoch schon jetzt oder in n\u00e4chster Zeit eine Wohnung bekommen.<br>Weil die Hausgruppe so gro\u00df ist und die Kommunikationswege viel weiter sind als innerhalb des M\u00f6ckernkiezes, w\u00e4hlte die Hausgruppe ein Sprecher:innenteam, das aus f\u00fcnf Mitgliedern besteht: Susanne E, Thorsten H, Magdalene R, Ute S und Sebastian W. Im Beirat hat die Hausgruppe allerdings nur eine Stimme wie alle anderen Hausgruppen auch. Eines der Themen, die beim n\u00e4chsten Treffen auf der Tagesordnung stehen, wird der Antrag sein, die Hausgruppe umzubenennen in \u201eHausgruppe Hoffnung\u201c.<\/p>\n\n\n\n<p><strong>Unterst\u00fctzer:innen gesucht<\/strong><br>Sommerfest des M\u00f6ckernkiezes am 28. August<br>Am 28. August findet von 15 bis 21h auf dem gesamten Kiezgel\u00e4nde das M\u00f6ckernkiez-Sommerfest statt. Gesucht werden Unterst\u00fctzer:innen f\u00fcr Vorbereitung und B\u00fchnen- und Kinderprogramm.<br>Gern k\u00f6nnen sich wieder alle AGs auf der Kiezstra\u00dfe pr\u00e4sentieren!<br>Meldet euch bei der Vorbereitungsgruppe Sommerfest oder kommt zum n\u00e4chsten Vorbereitungstreffen am 18. Juni um 17h auf den Kiezplatz.<\/p>\n\n\n\n<p><strong>AG Gleis 1<\/strong><br>Bericht der Arbeitsgruppe zum Anhalter Bahnhof<br>Auch die historisch-forschende Arbeit der \u201eProjektgruppe Gleis 1\u201c zum Anhalter Bahnhof litt unter den Folgen der Corona-Pandemie. Daher mussten viele geplante Aktivit\u00e4ten verschoben oder abgesagt werden:<\/p>\n\n\n\n<ul class=\"wp-block-list\"><li>Besuch der Gedenkst\u00e4tte Ravensbr\u00fcck, wo Kunstobjekte gelagert sind, die einst vor dem Bahnhof an die Deportationen nach Theresienstadt erinnerten;<\/li><li>engerer Austausch mit Kunstschaffenden zur Gestaltung eines Gedenkortes im Gleisdreieckpark;<\/li><li>weitere Zusammenarbeit mit dem Exilmuseum und dem Technikmuseum;<\/li><li>zweite Vorf\u00fchrung des RBB-Films zur Geschichte des Anhalter Bahnhofs;<\/li><li>Nutzung eines vor Jahren im Park gesicherten \u201eGleisumlegers\u201c, der als authentisches Relikt in die Gestaltung eines k\u00fcnftigen Mahnmals integriert werden k\u00f6nnte;<\/li><li>Erforschung der Rolle des Anhalter Bahnhofs im Rahmen von Kindertransporten nach England.<br>Anfang Juli 2021 &#8211; so die gegenw\u00e4rtige Planung &#8211; soll es aber endlich wieder zu einem pers\u00f6nlichen Treffen in \u201ealter Runde\u201c kommen &#8211; und damit zur Wiederaufnahme der Projektarbeit.<\/li><\/ul>\n\n\n\n<p><strong>Demonstration und Unterschriftensammlung im Kiez<\/strong><br>Stra\u00dfen f\u00fcr alle &#8211; nicht nur f\u00fcr Autos<br>Weniger Autos, weniger L\u00e4rm, weniger Schadstoffe in der Luft &#8211; das w\u00fcnschen sich viele, die t\u00e4glich die Blechlawinen in der M\u00f6ckernstra\u00dfe beobachten. Rund hundert Anwohner:innen, darunter viele aus dem M\u00f6ckernkiez, beteiligten sich am 7. Mai an einer kleinen Demonstration mit dem Ziel, die M\u00f6ckern- und die Gro\u00dfbeerenstra\u00dfe f\u00fcr Fu\u00dfg\u00e4nger:innen und Radfahrer:innen zur\u00fcckzuerobern. F\u00fcr eine Stunde war ein Abschnitt der Gro\u00dfbeerenstra\u00dfe autofrei, vor allem die Kinder nutzten die neue Spielfl\u00e4che mit gro\u00dfer Begeisterung. Und selbst ein kr\u00e4ftiger Hagelschauer konnte ihnen den Spa\u00df nicht verderben. \u00dcberall in Berlin fordern Initiativen die Einrichtung von \u201eKiezbl\u00f6cken\u201c, das sind st\u00e4dtische Quartiere, die vor allem dem Fu\u00df- und Radverkehr zur Verf\u00fcgung stehen und in denen Autos nur Gastrecht haben sollen. Auch rund um die Gro\u00dfbeeren- und M\u00f6ckernstra\u00dfe soll ein familienfreundlicher Kiezblock entstehen. Angestrebt wird, die Gro\u00dfbeerenstra\u00dfe, M\u00f6ckernstra\u00dfe, Wartenburgstra\u00dfe und Obentrautstra\u00dfe f\u00fcr den Durchgangsverkehr zu sperren. Au\u00dferdem soll im gesamten Kiez zwischen Yorckstra\u00dfe und Tempelhofer Ufer sowie Mehringdamm und Gleisdreieckpark eine Tempo-30-Zone eingerichtet werden.<br>Dazu fordern die Initiator:innen bauliche Ma\u00dfnahmen zur Verlangsamung des Verkehrs und f\u00fcr die Durchsetzung des Tempolimits zu sorgen. Der Bezirk Friedrichshain-Kreuzberg unterst\u00fctzt diese Forderung, aber er w\u00fcnscht sich, dass eine B\u00fcrger:inneninitiative einen Antrag einbringt mit den Unterschriften von mindestens 1000 Kiezbewohner:innen. .<br>Die Demonstration war auch als Auftaktveranstaltung f\u00fcr die Unterschriftensammlung gedacht. Wer unterschreiben oder die Initiative tatkr\u00e4ftig unterst\u00fctzen m\u00f6chte, findet weitere Informationen unter https:\/\/kiezblock-grossbeeren.de. Dort lassen sich auch Formulare f\u00fcr die Unterschriftensammlung herunterladen. In zwei oder drei Monaten, so hoffen die Initiator:innen, sollten gen\u00fcgend Unterschriften vorliegen. Schon etwas weiter gekommen ist eine \u00e4hnliche Aktion im Bergmannkiez, hier haben die Vorarbeiten f\u00fcr eine deutliche Verkehrsberuhigung bereits begonnen.<br><\/p>\n","protected":false},"excerpt":{"rendered":"<p>Interessenvertretung der Mitglieder, die nicht im M\u00f6ckernkiez wohnen\u201eHausgruppe Hoffnung\u201c?Rund 2700 Mitglieder hat die Genossenschaft inzwischen, aber nur grob gesch\u00e4tzt 750&#8230;<\/p>\n","protected":false},"author":2,"featured_media":0,"parent":0,"menu_order":0,"comment_status":"closed","ping_status":"closed","template":"","meta":{"_uag_custom_page_level_css":"","iawp_total_views":74,"footnotes":""},"class_list":["post-9997","page","type-page","status-publish","hentry","entry","rows-excerpt"],"uagb_featured_image_src":{"full":false,"thumbnail":false,"medium":false,"medium_large":false,"large":false,"1536x1536":false,"2048x2048":false,"awpcp-thumbnail":false,"awpcp-featured":false,"awpcp-featured-on-lists":false,"awpcp-large":false},"uagb_author_info":{"display_name":"MB","author_link":"https:\/\/moeckernkiez.org\/?author=2"},"uagb_comment_info":0,"uagb_excerpt":"Interessenvertretung der Mitglieder, die nicht im M\u00f6ckernkiez wohnen\u201eHausgruppe Hoffnung\u201c?Rund 2700 Mitglieder hat die Genossenschaft inzwischen, aber nur grob gesch\u00e4tzt 750&#8230;","publishpress_future_workflow_manual_trigger":{"enabledWorkflows":[]},"_links":{"self":[{"href":"https:\/\/moeckernkiez.org\/index.php?rest_route=\/wp\/v2\/pages\/9997","targetHints":{"allow":["GET"]}}],"collection":[{"href":"https:\/\/moeckernkiez.org\/index.php?rest_route=\/wp\/v2\/pages"}],"about":[{"href":"https:\/\/moeckernkiez.org\/index.php?rest_route=\/wp\/v2\/types\/page"}],"author":[{"embeddable":true,"href":"https:\/\/moeckernkiez.org\/index.php?rest_route=\/wp\/v2\/users\/2"}],"replies":[{"embeddable":true,"href":"https:\/\/moeckernkiez.org\/index.php?rest_route=%2Fwp%2Fv2%2Fcomments&post=9997"}],"version-history":[{"count":1,"href":"https:\/\/moeckernkiez.org\/index.php?rest_route=\/wp\/v2\/pages\/9997\/revisions"}],"predecessor-version":[{"id":9998,"href":"https:\/\/moeckernkiez.org\/index.php?rest_route=\/wp\/v2\/pages\/9997\/revisions\/9998"}],"wp:attachment":[{"href":"https:\/\/moeckernkiez.org\/index.php?rest_route=%2Fwp%2Fv2%2Fmedia&parent=9997"}],"curies":[{"name":"wp","href":"https:\/\/api.w.org\/{rel}","templated":true}]}}