{"id":9715,"date":"2021-04-28T19:19:04","date_gmt":"2021-04-28T17:19:04","guid":{"rendered":"https:\/\/moeckernkiez.org\/?page_id=9715"},"modified":"2022-10-30T12:51:19","modified_gmt":"2022-10-30T11:51:19","slug":"moeckernkiez-newsletter-archiv","status":"publish","type":"page","link":"https:\/\/moeckernkiez.org\/?page_id=9715","title":{"rendered":"M\u00f6ckernkiez e.V. Newsletter Archiv"},"content":{"rendered":"\n<p>Wir sind Mitlgieder des M\u00f6ckernkiez Vereins und legen hier nach und nach zu Archiv- und Recherchezwecken Textausz\u00fcge des M\u00f6ckernkiez Newsletters ab. Die Originale, leider nicht responsive, barrierefrei und durchsuchbar, sind unter https:\/\/moeckernkiez-ev.de\/kieznetz\/?nlr=archive zu finden.<\/p>\n\n\n\n<p><\/p>\n\n\n\n<p><\/p>\n\n\n\n<p><a href=\"\/?p=15904\">Vereins-Newsletter Nr. 49 &#8211; November 2022<\/a> <br><a href=\"\/?p=15829\">Vereins-Newsletter Nr. 48 &#8211; Oktober 2022<\/a><br><a href=\"\/?p=15829\">Vereins-Newsletter Nr. 47 &#8211; September 2022<\/a><br><a href=\"\/?p=15370\">Vereins-Newsletter Nr. 46 \u2013 Juli\/August 2022<\/a><br><a rel=\"noreferrer noopener\" href=\"\/?p=14950\" target=\"_blank\">Vereins-Newsletter Nr. 45 \u2013 Juni 2022<\/a><br>Vereins-Newsletter Nr. 44 \u2013 Mai 2022<br><a href=\"\/?p=14465\">Vereins-Newsletter Nr. 43 \u2013 April 2022<\/a><br><a href=\"\/?p=14175\">Vereins-Newsletter Nr. 42 \u2013 M\u00e4rz 2022<\/a><a rel=\"noreferrer noopener\" href=\"\/?p=14175\" target=\"_blank\"><br><\/a><a href=\"https:\/\/moeckernkiez.org\/?p=13829\">Vereins-Newsletter Nr. 41 \u2013 Februar 2022<\/a><br><a href=\"\/?p=13776\">Vereins-Newsletter Nr. 40 \u2013 Januar 2022<\/a><br>M\u00f6ckernkiez Newsletter &#8211; Nr. 39 &#8211; 2022<br><a href=\"https:\/\/moeckernkiez.org\/?p=13529\">Vereins-Newsletter Nr. 38 \u2013 November 2021<\/a><br><a href=\"\/?page_id=12864\">M\u00f6ckernkiez Newsletter &#8211; Nr. 37 &#8211; Oktober 2021<\/a><br><a href=\"\/?page_id=12196\">M\u00f6ckernkiez Newsletter &#8211; Nr. 36 &#8211; September 2021<\/a> <br><a href=\"\/?page_id=11198\">M\u00f6ckernkiez Newsletter &#8211; Nr. 35 &#8211; August 2021<\/a><br><a href=\"\/?p=15503\">M\u00f6ckernkiez Newsletter &#8211; Nr. 34 &#8211; Juli 2021<\/a><br><a rel=\"noreferrer noopener\" href=\"\/?page_id=9997\" target=\"_blank\">M\u00f6ckernkiez Newsletter &#8211; Nr. 33 &#8211; Juni 2021<\/a><br><a href=\"\/?page_id=9716\">M\u00f6ckernkiez Newsletter &#8211; Nr. 32 &#8211; Mai 2021<\/a><br><a href=\"\/?page_id=9770\">M\u00f6ckernkiez Newsletter &#8211; Nr. 31 &#8211; April 2021<\/a><br>M\u00f6ckernkiez Newsletter &#8211; Nr. 30 &#8211; M\u00e4rz 2021<br>M\u00f6ckernkiez Newsletter &#8211; Nr. 29 &#8211; Februar 2021<br>M\u00f6ckernkiez Newsletter &#8211; Nr. 28 &#8211; Januar 2021<br>M\u00f6ckernkiez Newsletter &#8211; Nr. 27 &#8211; Dezember 2020<br>M\u00f6ckernkiez Newsletter &#8211; Nr. 26 &#8211; November 2020<br>M\u00f6ckernkiez Newsletter &#8211; Nr. 25 &#8211; Oktober 2020<br>M\u00f6ckernkiez Newsletter &#8211; Nr. 24 &#8211; September 2020<br>M\u00f6ckernkiez Newsletter &#8211; Nr. 23 &#8211; August 2020<br>M\u00f6ckernkiez Newsletter &#8211; Nr. 22 &#8211; Juli 2020<br>M\u00f6ckernkiez Newsletter &#8211; Nr. 21 &#8211; Juni 2020<br>M\u00f6ckernkiez Newsletter &#8211; Nr. 20 &#8211; Mai 2020<br>M\u00f6ckernkiez Newsletter &#8211; Nr. 19 &#8211; April 2020<br>M\u00f6ckernkiez Newsletter &#8211; Nr. 18 &#8211; M\u00e4rz 2020<br>M\u00f6ckernkiez Newsletter &#8211; Nr. 17 &#8211; M\u00e4rz 2 2020<br><a rel=\"noreferrer noopener\" href=\"\/?page_id=10002\" target=\"_blank\">M\u00f6ckernkiez Newsletter &#8211; Nr. 16 &#8211; M\u00e4rz 1 2020<\/a><br><\/p>\n","protected":false},"excerpt":{"rendered":"<p>Wir sind Mitlgieder des M\u00f6ckernkiez Vereins und legen hier nach und nach zu Archiv- und Recherchezwecken Textausz\u00fcge des M\u00f6ckernkiez Newsletters&#8230;<\/p>\n","protected":false},"author":2,"featured_media":0,"parent":0,"menu_order":0,"comment_status":"closed","ping_status":"closed","template":"","meta":{"_uag_custom_page_level_css":"","iawp_total_views":170,"footnotes":""},"class_list":["post-9715","page","type-page","status-publish","hentry","entry","rows-excerpt"],"uagb_featured_image_src":{"full":false,"thumbnail":false,"medium":false,"medium_large":false,"large":false,"1536x1536":false,"2048x2048":false,"awpcp-thumbnail":false,"awpcp-featured":false,"awpcp-featured-on-lists":false,"awpcp-large":false},"uagb_author_info":{"display_name":"MB","author_link":"https:\/\/moeckernkiez.org\/?author=2"},"uagb_comment_info":0,"uagb_excerpt":"Wir sind Mitlgieder des M\u00f6ckernkiez Vereins und legen hier nach und nach zu Archiv- und Recherchezwecken Textausz\u00fcge des M\u00f6ckernkiez Newsletters&#8230;","publishpress_future_workflow_manual_trigger":{"enabledWorkflows":[]},"_links":{"self":[{"href":"https:\/\/moeckernkiez.org\/index.php?rest_route=\/wp\/v2\/pages\/9715","targetHints":{"allow":["GET"]}}],"collection":[{"href":"https:\/\/moeckernkiez.org\/index.php?rest_route=\/wp\/v2\/pages"}],"about":[{"href":"https:\/\/moeckernkiez.org\/index.php?rest_route=\/wp\/v2\/types\/page"}],"author":[{"embeddable":true,"href":"https:\/\/moeckernkiez.org\/index.php?rest_route=\/wp\/v2\/users\/2"}],"replies":[{"embeddable":true,"href":"https:\/\/moeckernkiez.org\/index.php?rest_route=%2Fwp%2Fv2%2Fcomments&post=9715"}],"version-history":[{"count":9,"href":"https:\/\/moeckernkiez.org\/index.php?rest_route=\/wp\/v2\/pages\/9715\/revisions"}],"predecessor-version":[{"id":15907,"href":"https:\/\/moeckernkiez.org\/index.php?rest_route=\/wp\/v2\/pages\/9715\/revisions\/15907"}],"wp:attachment":[{"href":"https:\/\/moeckernkiez.org\/index.php?rest_route=%2Fwp%2Fv2%2Fmedia&parent=9715"}],"curies":[{"name":"wp","href":"https:\/\/api.w.org\/{rel}","templated":true}]}}