{"id":419,"date":"2019-08-31T03:13:43","date_gmt":"2019-08-31T01:13:43","guid":{"rendered":"https:\/\/redaktion.moeckernkiez.net\/?page_id=419"},"modified":"2020-09-05T18:23:00","modified_gmt":"2020-09-05T16:23:00","slug":"artikel-upload","status":"publish","type":"page","link":"https:\/\/moeckernkiez.org\/?page_id=419","title":{"rendered":"Neuen Beitrag oder Termin einreichen &#8230;"},"content":{"rendered":"\n<div class=\"wpcf7 no-js\" id=\"wpcf7-f1365-o1\" lang=\"de-DE\" dir=\"ltr\" data-wpcf7-id=\"1365\">\n<div class=\"screen-reader-response\"><p role=\"status\" aria-live=\"polite\" aria-atomic=\"true\"><\/p> <ul><\/ul><\/div>\n<form action=\"\/index.php?rest_route=%2Fwp%2Fv2%2Fpages%2F419#wpcf7-f1365-o1\" method=\"post\" class=\"wpcf7-form init\" aria-label=\"Kontaktformular\" enctype=\"multipart\/form-data\" novalidate=\"novalidate\" data-status=\"init\">\n<fieldset class=\"hidden-fields-container\"><input type=\"hidden\" name=\"_wpcf7\" value=\"1365\" \/><input type=\"hidden\" name=\"_wpcf7_version\" value=\"6.1.5\" \/><input type=\"hidden\" name=\"_wpcf7_locale\" value=\"de_DE\" \/><input type=\"hidden\" name=\"_wpcf7_unit_tag\" value=\"wpcf7-f1365-o1\" \/><input type=\"hidden\" name=\"_wpcf7_container_post\" value=\"0\" \/><input type=\"hidden\" name=\"_wpcf7_posted_data_hash\" value=\"\" \/>\n<\/fieldset>\n<table style=\"width: 100%\">\n\t<tbody>\n\t\t<tr>\n\t\t\t<td colspan=\"2\" style=\"border:0px solid grey;border-collapse:collapse;padding:0px;margin:0px;\">\n\t\t\t\t<p>Beitr\u00e4ge werden gepr\u00fcft und entsprechend ver\u00f6ffentlicht.<br \/>\nBitte Pflichtfelder beachten ...<br \/>\n(Anonyme Informationen k\u00f6nnen <a href=\"\/?page_id=11486\">hier eingereicht werden ...<\/a>)\n\t\t\t\t<\/p>\n\t\t\t<\/td>\n\t\t<\/tr>\n\t\t<tr>\n\t\t\t<td colspan=\"2\" style=\"border:0px solid grey;border-collapse:collapse;padding:0px;\">\n\t\t\t\t<p><span class=\"wpcf7-form-control-wrap\" data-name=\"checkbox-360\"><span class=\"wpcf7-form-control wpcf7-checkbox\"><span class=\"wpcf7-list-item first last\"><label><input type=\"checkbox\" name=\"checkbox-360[]\" value=\"Auch im neuen Newsletter ver\u00f6ffentlichen\" \/><span class=\"wpcf7-list-item-label\">Auch im neuen Newsletter ver\u00f6ffentlichen<\/span><\/label><\/span><\/span><\/span>\n\t\t\t\t<\/p>\n\t\t\t<\/td>\n\t\t<\/tr>\n\t\t<tr>\n\t\t\t<td style=\"width: 30%; border:0px solid grey;border-collapse:collapse;padding:10px;\">\n\t\t\t\t<p>AutorIn (Pflichtfeld) <span class=\"wpcf7-form-control-wrap\" data-name=\"your-name\"><input size=\"40\" maxlength=\"400\" class=\"wpcf7-form-control wpcf7-text wpcf7-validates-as-required\" aria-required=\"true\" aria-invalid=\"false\" value=\"\" type=\"text\" name=\"your-name\" \/><\/span>\n\t\t\t\t<\/p>\n\t\t\t<\/td>\n\t\t\t<td style=\"width: 30%; border:0px solid grey;border-collapse:collapse;padding:10px;\">\n\t\t\t\t<p>EMail (Pflichtfeld) <span class=\"wpcf7-form-control-wrap\" data-name=\"your-email\"><input size=\"40\" maxlength=\"400\" class=\"wpcf7-form-control wpcf7-email wpcf7-validates-as-required wpcf7-text wpcf7-validates-as-email\" aria-required=\"true\" aria-invalid=\"false\" value=\"\" type=\"email\" name=\"your-email\" \/><\/span>\n\t\t\t\t<\/p>\n\t\t\t<\/td>\n\t\t<\/tr>\n\t\t<tr>\n\t\t\t<td style=\"width: 30%; border:0px solid grey;border-collapse:collapse;padding:10px;\">\n\t\t\t\t<p>Telefon (optional):\n\t\t\t\t<\/p>\n\t\t\t<\/td>\n\t\t\t<td style=\"width: 70%; border:0px solid grey;border-collapse:collapse;padding:10px;\">\n\t\t\t\t<p><span class=\"wpcf7-form-control-wrap\" data-name=\"tel-438\"><input size=\"40\" maxlength=\"400\" class=\"wpcf7-form-control wpcf7-tel wpcf7-text wpcf7-validates-as-tel\" aria-invalid=\"false\" value=\"\" type=\"tel\" name=\"tel-438\" \/><\/span>\n\t\t\t\t<\/p>\n\t\t\t<\/td>\n\t\t<\/tr>\n\t\t<tr>\n\t\t\t<td style=\"width: 20%; border:0px solid grey;border-collapse:collapse;padding:10px;\">\n\t\t\t\t<p>Ver\u00f6ffentlichungsdatum:\n\t\t\t\t<\/p>\n\t\t\t<\/td>\n\t\t\t<td style=\"width: 80%; border:0px solid grey;border-collapse:collapse;padding:10px;\">\n\t\t\t\t<p><span class=\"wpcf7-form-control-wrap\" data-name=\"Datum\"><input size=\"40\" maxlength=\"400\" class=\"wpcf7-form-control wpcf7-text\" aria-invalid=\"false\" value=\"\" type=\"text\" name=\"Datum\" \/><\/span>\n\t\t\t\t<\/p>\n\t\t\t<\/td>\n\t\t<\/tr>\n\t\t<tr>\n\t\t\t<td colspan=\"2\" style=\"width: 200px; border:0px solid grey;border-collapse:collapse;padding:10px;\">\n\t\t\t\t<p>Beitragstitel: (nicht mehr als 100 Zeichen) <span class=\"wpcf7-form-control-wrap\" data-name=\"textarea-784\"><input size=\"40\" maxlength=\"100\" class=\"wpcf7-form-control wpcf7-text\" aria-invalid=\"false\" value=\"\" type=\"text\" name=\"textarea-784\" \/><\/span>\n\t\t\t\t<\/p>\n\t\t\t<\/td>\n\t\t<\/tr>\n\t\t<tr>\n\t\t\t<td colspan=\"2\" style=\"width: 200px; border:0px solid grey;border-collapse:collapse;padding:10px;\">\n\t\t\t\t<p>Teaser oder Kurztext: (nicht mehr als 200 Zeichen) <span class=\"wpcf7-form-control-wrap\" data-name=\"textarea-744\"><textarea cols=\"40\" rows=\"2\" maxlength=\"500\" class=\"wpcf7-form-control wpcf7-textarea\" aria-invalid=\"false\" name=\"textarea-744\"><\/textarea><\/span>\n\t\t\t\t<\/p>\n\t\t\t<\/td>\n\t\t<\/tr>\n\t\t<tr>\n\t\t\t<td colspan=\"2\" style=\"width: 200px; border:0px solid grey;border-collapse:collapse;padding:10px;\">\n\t\t\t\t<p>Beitragstext: (ca. 100 - 1500 Zeichen) <span class=\"wpcf7-form-control-wrap\" data-name=\"textarea-19\"><textarea cols=\"40\" rows=\"5\" maxlength=\"2500\" minlength=\"25\" class=\"wpcf7-form-control wpcf7-textarea\" aria-invalid=\"false\" name=\"textarea-19\"><\/textarea><\/span>\n\t\t\t\t<\/p>\n\t\t\t<\/td>\n\t\t<\/tr>\n\t\t<tr>\n\t\t\t<td style=\"width: 30%; border:0px solid grey;border-collapse:collapse;padding:10px;\">\n\t\t\t\t<p>Termindatum - am \/ von bis:<span class=\"wpcf7-form-control-wrap\" data-name=\"text-111\"><input size=\"40\" maxlength=\"400\" class=\"wpcf7-form-control wpcf7-text\" aria-invalid=\"false\" value=\"\" type=\"text\" name=\"text-111\" \/><\/span>\n\t\t\t\t<\/p>\n\t\t\t<\/td>\n\t\t\t<td style=\"width: 30%; border:0px solid grey;border-collapse:collapse;padding:10px;\">\n\t\t\t\t<p>Uhrzeit - von bis<span class=\"wpcf7-form-control-wrap\" data-name=\"text-112\"><input size=\"40\" maxlength=\"400\" class=\"wpcf7-form-control wpcf7-text\" aria-invalid=\"false\" value=\"\" type=\"text\" name=\"text-112\" \/><\/span>\n\t\t\t\t<\/p>\n\t\t\t<\/td>\n\t\t<\/tr>\n\t\t<tr>\n\t\t\t<td colspan=\"2\" style=\"width: 200px; border:0px solid grey;border-collapse:collapse;padding:10px;\">\n\t\t\t\t<p>Nachricht an die Blogger:<span class=\"wpcf7-form-control-wrap\" data-name=\"textarea-462\"><textarea cols=\"40\" rows=\"2\" maxlength=\"2000\" class=\"wpcf7-form-control wpcf7-textarea\" aria-invalid=\"false\" name=\"textarea-462\"><\/textarea><\/span>\n\t\t\t\t<\/p>\n\t\t\t<\/td>\n\t\t<\/tr>\n\t\t<tr>\n\t\t\t<td colspan=\"2\" style=\"width: 200px; border:0px solid grey;border-collapse:collapse;padding:10px;\">\n\t\t\t\t<p>Bilder unten anh\u00e4ngen oder per E-Mail an <a href=\"mailto:blog@moeckernkiez.org\">blog@moeckernkiez.org<\/a> schicken.\n\t\t\t\t<\/p>\n\t\t\t<\/td>\n\t\t<\/tr>\n\t\t<tr>\n\t\t\t<td style=\"width: 200px; border:0px solid grey;border-collapse:collapse;padding:10px;\">\n\t\t\t\t<p>Titelbild <span class=\"wpcf7-form-control-wrap\" data-name=\"file-381\"><input size=\"40\" class=\"wpcf7-form-control wpcf7-file\" accept=\".jpg,.png\" aria-invalid=\"false\" type=\"file\" name=\"file-381\" \/><\/span><!--<br>Textbild <span class=\"wpcf7-form-control-wrap\" data-name=\"file-382\"><input size=\"40\" class=\"wpcf7-form-control wpcf7-file\" accept=\".jpg,.png\" aria-invalid=\"false\" type=\"file\" name=\"file-382\" \/><\/span> -->\n\t\t\t\t<\/p>\n\t\t\t<\/td>\n\t\t<\/tr>\n\t\t<tr>\n\t\t\t<td style=\"width: 200px; border:0px solid grey;border-collapse:collapse;padding:10px;\">\n\t\t\t\t<p><input class=\"wpcf7-form-control wpcf7-submit has-spinner\" type=\"submit\" value=\"Blogbeitrag absenden\" \/>\n\t\t\t\t<\/p>\n\t\t\t<\/td>\n\t\t\t<td style=\"width: 200px; border:0px solid grey;border-collapse:collapse;padding:10px;\">\n\t\t\t\t<p><span class=\"wpcf7-form-control-wrap\" data-name=\"acceptance-865\"><span class=\"wpcf7-form-control wpcf7-acceptance\"><span class=\"wpcf7-list-item\"><label><input type=\"checkbox\" name=\"acceptance-865\" value=\"1\" aria-invalid=\"false\" \/><span class=\"wpcf7-list-item-label\">Ich stimme der Verarbeitung meiner Daten zum Zwecke der Kontaktaufnahme bei R\u00fcckfragen zu.<\/span><\/label><\/span><\/span><\/span>\n\t\t\t\t<\/p>\n\t\t\t<\/td>\n\t\t<\/tr>\n\t<\/tbody>\n<\/table><div class=\"wpcf7-response-output\" aria-hidden=\"true\"><\/div>\n<\/form>\n<\/div>\n\n","protected":false},"excerpt":{"rendered":"","protected":false},"author":1,"featured_media":0,"parent":0,"menu_order":0,"comment_status":"closed","ping_status":"closed","template":"","meta":{"_uag_custom_page_level_css":"","iawp_total_views":185,"footnotes":""},"class_list":["post-419","page","type-page","status-publish","hentry","entry","rows-excerpt"],"uagb_featured_image_src":{"full":false,"thumbnail":false,"medium":false,"medium_large":false,"large":false,"1536x1536":false,"2048x2048":false,"awpcp-thumbnail":false,"awpcp-featured":false,"awpcp-featured-on-lists":false,"awpcp-large":false},"uagb_author_info":{"display_name":"RA","author_link":"https:\/\/moeckernkiez.org\/?author=1"},"uagb_comment_info":0,"uagb_excerpt":null,"publishpress_future_workflow_manual_trigger":{"enabledWorkflows":[]},"_links":{"self":[{"href":"https:\/\/moeckernkiez.org\/index.php?rest_route=\/wp\/v2\/pages\/419","targetHints":{"allow":["GET"]}}],"collection":[{"href":"https:\/\/moeckernkiez.org\/index.php?rest_route=\/wp\/v2\/pages"}],"about":[{"href":"https:\/\/moeckernkiez.org\/index.php?rest_route=\/wp\/v2\/types\/page"}],"author":[{"embeddable":true,"href":"https:\/\/moeckernkiez.org\/index.php?rest_route=\/wp\/v2\/users\/1"}],"replies":[{"embeddable":true,"href":"https:\/\/moeckernkiez.org\/index.php?rest_route=%2Fwp%2Fv2%2Fcomments&post=419"}],"version-history":[{"count":5,"href":"https:\/\/moeckernkiez.org\/index.php?rest_route=\/wp\/v2\/pages\/419\/revisions"}],"predecessor-version":[{"id":6566,"href":"https:\/\/moeckernkiez.org\/index.php?rest_route=\/wp\/v2\/pages\/419\/revisions\/6566"}],"wp:attachment":[{"href":"https:\/\/moeckernkiez.org\/index.php?rest_route=%2Fwp%2Fv2%2Fmedia&parent=419"}],"curies":[{"name":"wp","href":"https:\/\/api.w.org\/{rel}","templated":true}]}}