{"id":12879,"date":"2021-09-28T16:21:15","date_gmt":"2021-09-28T14:21:15","guid":{"rendered":"https:\/\/moeckernkiez.org\/?page_id=12879"},"modified":"2022-06-21T21:03:32","modified_gmt":"2022-06-21T19:03:32","slug":"maennerclub-closed","status":"publish","type":"page","link":"https:\/\/moeckernkiez.org\/?page_id=12879","title":{"rendered":"M\u00e4nnerclub (closed und ab 18)"},"content":{"rendered":"\n<p>Wir sind eine zum Teil verheiratete, sonst unabh\u00e4ngige, unb\u00fcrokratische, organfreie Gruppe und k\u00fcmmern uns um Themen wie Saufen, Raufen, Freizeitsport, schnelle Autos, hei\u00dfe Eisen und &#8230; im M\u00f6ckernkiez &#8211; ein Stammtisch &#8211; ein M\u00e4nnergarten halt  \ud83d\ude09<\/p>\n\n\n\n<p>Neugierig? Na dann E-Mail an <a href=\"mailto:kerle@m\u00f6ckernkiez.de\" target=\"_blank\" rel=\"noreferrer noopener\">kerle@m\u00f6ckernkiez.de<\/a><br><\/p>\n","protected":false},"excerpt":{"rendered":"<p>Wir sind eine zum Teil verheiratete, sonst unabh\u00e4ngige, unb\u00fcrokratische, organfreie Gruppe und k\u00fcmmern uns um Themen wie Saufen, Raufen, Freizeitsport,&#8230;<\/p>\n","protected":false},"author":2,"featured_media":12882,"parent":0,"menu_order":0,"comment_status":"closed","ping_status":"closed","template":"","meta":{"_uag_custom_page_level_css":"","iawp_total_views":29,"footnotes":""},"class_list":["post-12879","page","type-page","status-publish","has-post-thumbnail","hentry","entry","rows-excerpt"],"uagb_featured_image_src":{"full":["https:\/\/moeckernkiez.org\/wp-content\/uploads\/2021\/09\/h0xa8ngo9_s.jpg",1024,683,false],"thumbnail":["https:\/\/moeckernkiez.org\/wp-content\/uploads\/2021\/09\/h0xa8ngo9_s-140x140.jpg",140,140,true],"medium":["https:\/\/moeckernkiez.org\/wp-content\/uploads\/2021\/09\/h0xa8ngo9_s-350x233.jpg",350,233,true],"medium_large":["https:\/\/moeckernkiez.org\/wp-content\/uploads\/2021\/09\/h0xa8ngo9_s-768x512.jpg",768,512,true],"large":["https:\/\/moeckernkiez.org\/wp-content\/uploads\/2021\/09\/h0xa8ngo9_s.jpg",1024,683,false],"1536x1536":["https:\/\/moeckernkiez.org\/wp-content\/uploads\/2021\/09\/h0xa8ngo9_s.jpg",1024,683,false],"2048x2048":["https:\/\/moeckernkiez.org\/wp-content\/uploads\/2021\/09\/h0xa8ngo9_s.jpg",1024,683,false],"awpcp-thumbnail":["https:\/\/moeckernkiez.org\/wp-content\/uploads\/2021\/09\/h0xa8ngo9_s-200x125.jpg",200,125,true],"awpcp-featured":["https:\/\/moeckernkiez.org\/wp-content\/uploads\/2021\/09\/h0xa8ngo9_s-300x200.jpg",300,200,true],"awpcp-featured-on-lists":["https:\/\/moeckernkiez.org\/wp-content\/uploads\/2021\/09\/h0xa8ngo9_s-300x300.jpg",300,300,true],"awpcp-large":["https:\/\/moeckernkiez.org\/wp-content\/uploads\/2021\/09\/h0xa8ngo9_s-640x427.jpg",640,427,true]},"uagb_author_info":{"display_name":"MB","author_link":"https:\/\/moeckernkiez.org\/?author=2"},"uagb_comment_info":0,"uagb_excerpt":"Wir sind eine zum Teil verheiratete, sonst unabh\u00e4ngige, unb\u00fcrokratische, organfreie Gruppe und k\u00fcmmern uns um Themen wie Saufen, Raufen, Freizeitsport,&#8230;","publishpress_future_workflow_manual_trigger":{"enabledWorkflows":[]},"_links":{"self":[{"href":"https:\/\/moeckernkiez.org\/index.php?rest_route=\/wp\/v2\/pages\/12879","targetHints":{"allow":["GET"]}}],"collection":[{"href":"https:\/\/moeckernkiez.org\/index.php?rest_route=\/wp\/v2\/pages"}],"about":[{"href":"https:\/\/moeckernkiez.org\/index.php?rest_route=\/wp\/v2\/types\/page"}],"author":[{"embeddable":true,"href":"https:\/\/moeckernkiez.org\/index.php?rest_route=\/wp\/v2\/users\/2"}],"replies":[{"embeddable":true,"href":"https:\/\/moeckernkiez.org\/index.php?rest_route=%2Fwp%2Fv2%2Fcomments&post=12879"}],"version-history":[{"count":9,"href":"https:\/\/moeckernkiez.org\/index.php?rest_route=\/wp\/v2\/pages\/12879\/revisions"}],"predecessor-version":[{"id":15180,"href":"https:\/\/moeckernkiez.org\/index.php?rest_route=\/wp\/v2\/pages\/12879\/revisions\/15180"}],"wp:featuredmedia":[{"embeddable":true,"href":"https:\/\/moeckernkiez.org\/index.php?rest_route=\/wp\/v2\/media\/12882"}],"wp:attachment":[{"href":"https:\/\/moeckernkiez.org\/index.php?rest_route=%2Fwp%2Fv2%2Fmedia&parent=12879"}],"curies":[{"name":"wp","href":"https:\/\/api.w.org\/{rel}","templated":true}]}}