{"id":11647,"date":"2021-08-14T23:35:51","date_gmt":"2021-08-14T21:35:51","guid":{"rendered":"https:\/\/moeckernkiez.org\/?page_id=11647"},"modified":"2021-08-20T10:00:23","modified_gmt":"2021-08-20T08:00:23","slug":"awpcp-anzeigen","status":"publish","type":"page","link":"https:\/\/moeckernkiez.org\/?page_id=11647","title":{"rendered":"Flohmarkt Anzeigen"},"content":{"rendered":"<div id=\"classiwrapper\">\n    \n        <div class=\"uiwelcome\">Im Online-Tr\u00f6delmarkt k\u00f6nnt Ihr schon mal die Artikel und Eure Preisvorstellung eintragen, die Ihr auf einem n\u00e4chsten M\u00f6ckernkiez Floh- oder Tr\u00f6delmarkt verkaufen oder auch verschenken wollt.\r\n\r\nNach dem Einstellen bekommt Ihr eine Best\u00e4tigungs-E-Mail, die ihr dann mit dem Link auch an Interessenten per E-Mail weiterleiten k\u00f6nnt.\r\n\r\nViel Spa\u00df beim Ausprobieren!<\/div>\n    \n        <ul class=\"awpcp-classifieds-menu awpcp-clearfix\" data-breakpoints='{\"tiny\": [0,400], \"small\": [400,500]}' data-breakpoints-class-prefix=\"awpcp-classifieds-menu\">\n    <li class=\"awpcp-classifieds-menu--menu-item awpcp-classifieds-menu--post-listing-menu-item\">\n        <a class=\"awpcp-classifieds-menu--menu-item-link button\" href=\"https:\/\/moeckernkiez.org\/?page_id=11651\">Anzeige aufgeben<\/a>\n    <\/li>\n    <li class=\"awpcp-classifieds-menu--menu-item awpcp-classifieds-menu--edit-listing-menu-item\">\n        <a class=\"awpcp-classifieds-menu--menu-item-link button\" href=\"https:\/\/moeckernkiez.org\/?page_id=11650\">Anzeige bearbeiten<\/a>\n    <\/li>\n    <li class=\"awpcp-classifieds-menu--menu-item awpcp-classifieds-menu--browse-listings-menu-item\">\n        <a class=\"awpcp-classifieds-menu--menu-item-link button\" href=\"https:\/\/moeckernkiez.org\/?page_id=11653\">In Anzeigen st\u00f6bern.<\/a>\n    <\/li>\n    <li class=\"awpcp-classifieds-menu--menu-item awpcp-classifieds-menu--search-listings-menu-item\">\n        <a class=\"awpcp-classifieds-menu--menu-item-link button\" href=\"https:\/\/moeckernkiez.org\/?page_id=11654\">Suche in Anzeigen<\/a>\n    <\/li>\n<\/ul>\n    \n    <form class=\"awpcp-category-switcher\" method=\"post\" action=\"https:\/\/moeckernkiez.org\/?page_id=11653\">\n        <input type=\"hidden\" name=\"offset\" value=\"0\" \/>\n    \n    <div class=\"awpcp-category-dropdown-container\">\n        <label class=\"awpcp-category-dropdown-label\" for=\"awpcp-category-dropdown-69f276724ec7c\">Kategorie<\/label>\n\n\n<select id=\"awpcp-category-dropdown-69f276724ec7c\" class=\"awpcp-category-dropdown awpcp-dropdown \" name=\"awpcp_category_id\" data-hash=\"69f276724ec7c\" placeholder=\"Alle Kategorien\" data-auto=\"auto\" style=\"width: 100%\">\n        <option class=\"awpcp-dropdown-placeholder\">Alle Kategorien<\/option>\n    <option class=\"dropdownparentcategory\" value=\"116\">Flohmarkt<\/option><option class=\"dropdownparentcategory\" value=\"109\">Globale Einstellungen<\/option><option class=\"dropdownparentcategory\" value=\"112\">Kleidung<\/option><option class=\"\" value=\"115\">&nbsp;&nbsp;&nbsp;Frauen<\/option><option class=\"\" value=\"113\">&nbsp;&nbsp;&nbsp;Kinder<\/option><option class=\"\" value=\"114\">&nbsp;&nbsp;&nbsp;M\u00e4nner<\/option><option class=\"dropdownparentcategory\" value=\"110\">Maschinen<\/option><\/select>\n\n\n<script type=\"text\/javascript\">var categories_69f276724ec7c = {\"mode\":\"basic\",\"select2\":{\"containerCssClass\":\"awpcp-category-dropdown-selection\",\"dropdownCssClass\":\"awpcp-category-dropdown-options\",\"allowClear\":true,\"placeholder\":\"Alle Kategorien\",\"maximumSelectionLength\":100},\"selectedCategoriesIds\":[],\"categoriesHierarchy\":{\"root\":[{\"term_id\":116,\"name\":\"Flohmarkt\",\"slug\":\"flohmarkt-im-moeckernkiez\",\"term_group\":0,\"term_taxonomy_id\":116,\"taxonomy\":\"awpcp_listing_category\",\"description\":\"\",\"parent\":0,\"count\":0,\"filter\":\"raw\"},{\"term_id\":109,\"name\":\"Globale Einstellungen\",\"slug\":\"globale-einstellungen\",\"term_group\":0,\"term_taxonomy_id\":109,\"taxonomy\":\"awpcp_listing_category\",\"description\":\"\",\"parent\":0,\"count\":0,\"filter\":\"raw\"},{\"term_id\":112,\"name\":\"Kleidung\",\"slug\":\"kleidung\",\"term_group\":0,\"term_taxonomy_id\":112,\"taxonomy\":\"awpcp_listing_category\",\"description\":\"\",\"parent\":0,\"count\":0,\"filter\":\"raw\"},{\"term_id\":110,\"name\":\"Maschinen\",\"slug\":\"maschinen\",\"term_group\":0,\"term_taxonomy_id\":110,\"taxonomy\":\"awpcp_listing_category\",\"description\":\"\",\"parent\":0,\"count\":0,\"filter\":\"raw\"}],\"112\":[{\"term_id\":115,\"name\":\"Frauen\",\"slug\":\"frauen\",\"term_group\":0,\"term_taxonomy_id\":115,\"taxonomy\":\"awpcp_listing_category\",\"description\":\"\",\"parent\":112,\"count\":0,\"filter\":\"raw\"},{\"term_id\":113,\"name\":\"Kinder\",\"slug\":\"kinder\",\"term_group\":0,\"term_taxonomy_id\":113,\"taxonomy\":\"awpcp_listing_category\",\"description\":\"\",\"parent\":112,\"count\":0,\"filter\":\"raw\"},{\"term_id\":114,\"name\":\"M\\u00e4nner\",\"slug\":\"maenner\",\"term_group\":0,\"term_taxonomy_id\":114,\"taxonomy\":\"awpcp_listing_category\",\"description\":\"\",\"parent\":112,\"count\":0,\"filter\":\"raw\"}]},\"paymentTerms\":[],\"subcategoryLabel\":\"W\\u00e4hlen Sie eine Unterkategorie\"};<\/script>\n    <\/div>\n<\/form>\n\n    <div class=\"awpcp-listings awpcp-clearboth\">\n                    <p>Es wurden keine Anzeigen gefunden.<\/p>\n            <\/div>\n\n    <\/div>\n\n","protected":false},"excerpt":{"rendered":"","protected":false},"author":2,"featured_media":0,"parent":0,"menu_order":0,"comment_status":"closed","ping_status":"closed","template":"","meta":{"_uag_custom_page_level_css":"","iawp_total_views":292,"footnotes":""},"class_list":["post-11647","page","type-page","status-publish","hentry","entry","rows-excerpt"],"uagb_featured_image_src":{"full":false,"thumbnail":false,"medium":false,"medium_large":false,"large":false,"1536x1536":false,"2048x2048":false,"awpcp-thumbnail":false,"awpcp-featured":false,"awpcp-featured-on-lists":false,"awpcp-large":false},"uagb_author_info":{"display_name":"MB","author_link":"https:\/\/moeckernkiez.org\/?author=2"},"uagb_comment_info":0,"uagb_excerpt":null,"publishpress_future_workflow_manual_trigger":{"enabledWorkflows":[]},"_links":{"self":[{"href":"https:\/\/moeckernkiez.org\/index.php?rest_route=\/wp\/v2\/pages\/11647","targetHints":{"allow":["GET"]}}],"collection":[{"href":"https:\/\/moeckernkiez.org\/index.php?rest_route=\/wp\/v2\/pages"}],"about":[{"href":"https:\/\/moeckernkiez.org\/index.php?rest_route=\/wp\/v2\/types\/page"}],"author":[{"embeddable":true,"href":"https:\/\/moeckernkiez.org\/index.php?rest_route=\/wp\/v2\/users\/2"}],"replies":[{"embeddable":true,"href":"https:\/\/moeckernkiez.org\/index.php?rest_route=%2Fwp%2Fv2%2Fcomments&post=11647"}],"version-history":[{"count":1,"href":"https:\/\/moeckernkiez.org\/index.php?rest_route=\/wp\/v2\/pages\/11647\/revisions"}],"predecessor-version":[{"id":11774,"href":"https:\/\/moeckernkiez.org\/index.php?rest_route=\/wp\/v2\/pages\/11647\/revisions\/11774"}],"wp:attachment":[{"href":"https:\/\/moeckernkiez.org\/index.php?rest_route=%2Fwp%2Fv2%2Fmedia&parent=11647"}],"curies":[{"name":"wp","href":"https:\/\/api.w.org\/{rel}","templated":true}]}}