{"id":11294,"date":"2021-08-03T22:10:05","date_gmt":"2021-08-03T20:10:05","guid":{"rendered":"https:\/\/moeckernkiez.org\/?page_id=11294"},"modified":"2023-10-01T21:58:53","modified_gmt":"2023-10-01T19:58:53","slug":"verein-moeckernkiez-e-v","status":"publish","type":"page","link":"https:\/\/moeckernkiez.org\/?page_id=11294","title":{"rendered":"Verein M\u00f6ckernkiez e. V."},"content":{"rendered":"\n<p>Im April 2008 als Vorl\u00e4ufer der Genossenschaft gegr\u00fcndet und ist Seit 2012 eigenst\u00e4ndig aktiv. Der Verein steht allen interessierten Menschen offen.<br>Seit 1. Januar 2012 ist die Gemeinn\u00fctzigkeit des Vereins anerkannt.<\/p>\n\n\n\n<h2 class=\"wp-block-heading\">Ziele:<\/h2>\n\n\n\n<ul class=\"wp-block-list\">\n<li>F\u00f6rderung der Jugend- und Altenhilfe<\/li>\n\n\n\n<li>F\u00f6rderung der Hilfe f\u00fcr Behinderte<\/li>\n\n\n\n<li>F\u00f6rderung des b\u00fcrgerschaftlichen Engagements zugunsten gemeinn\u00fctziger Zwecke<\/li>\n\n\n\n<li>F\u00f6rderung des sozialen Zusammenhalts und Engagements im Kiez<\/li>\n\n\n\n<li>Mitgestaltung des Kiez\n<ul class=\"wp-block-list\">\n<li>Ideen zur Verbesserung der Lebensqualit\u00e4t<\/li>\n\n\n\n<li>&#8222;Gelebte Nachbarschaft&#8220;<\/li>\n<\/ul>\n<\/li>\n<\/ul>\n\n\n\n<h2 class=\"wp-block-heading\">Zwecke des Verein M\u00f6ckernkiez e.V. laut Satzung<\/h2>\n\n\n\n<ul class=\"wp-block-list\">\n<li>Planung, Aufbau, Organisation und Unterhaltung von Gemeinschaftseinrichtungen (z. B. Kieztreffpunkt) sowie von Netzwerken, die dem Gemeinwesen dienen.<\/li>\n\n\n\n<li>Entwicklung von Angeboten zur Betreuung und Unterst\u00fctzung von Kindern und Jugendlichen<\/li>\n\n\n\n<li>Organisation und Durchf\u00fchrung von regelm\u00e4\u00dfigen \u201eTreffpunkten\u201c mit Angeboten, die der Vereinzelung im Alter entgegenwirken und die \u00e4ltere Menschen zu gesellschaftlicher Teilhabe ermutigen<\/li>\n\n\n\n<li>nachbarschaftliche Unterst\u00fctzung z. B. durch Hilfe im Haushalt im Krankheitsfall<\/li>\n\n\n\n<li>Durchf\u00fchrung von Veranstaltungen, Kursen und Treffen, die auf die Verbesserung der Verst\u00e4ndigung von Jung und Alt, von Menschen mit und ohne Behinderungen sowie von Menschen unterschiedlicher ethnischer und sozialer Herkunft zielen<\/li>\n<\/ul>\n\n\n\n<p><em>Stand Juni 202<\/em>2<\/p>\n\n\n\n<p>Ausf\u00fchrlich Informationen sind unter <a href=\"https:\/\/moeckernkiez-ev.de\/kieznetz\/?hom=about\" target=\"_blank\" rel=\"noreferrer noopener\">www.moeckernkiez-ev.de<\/a> zu finden.<\/p>\n\n\n\n<p class=\"has-white-color has-text-color\" style=\"font-size:1px\">Die Mitgliederzahlen des M\u00f6ckernkiez Vereins folgen nicht dem enormen Mitgliederzuwachs in der Genossenschaft &#8211; die Zahlen sind leicht r\u00fcckl\u00e4ufig:<br>2022 &#8211; 340 Mitglieder<br>2020 &#8211; 350 Mitglieder<\/p>\n","protected":false},"excerpt":{"rendered":"<p>Im April 2008 als Vorl\u00e4ufer der Genossenschaft gegr\u00fcndet und ist Seit 2012 eigenst\u00e4ndig aktiv. Der Verein steht allen interessierten Menschen&#8230;<\/p>\n","protected":false},"author":2,"featured_media":0,"parent":0,"menu_order":0,"comment_status":"closed","ping_status":"closed","template":"","meta":{"_uag_custom_page_level_css":"","iawp_total_views":414,"footnotes":""},"class_list":["post-11294","page","type-page","status-publish","hentry","entry","rows-excerpt"],"uagb_featured_image_src":{"full":false,"thumbnail":false,"medium":false,"medium_large":false,"large":false,"1536x1536":false,"2048x2048":false,"awpcp-thumbnail":false,"awpcp-featured":false,"awpcp-featured-on-lists":false,"awpcp-large":false},"uagb_author_info":{"display_name":"MB","author_link":"https:\/\/moeckernkiez.org\/?author=2"},"uagb_comment_info":0,"uagb_excerpt":"Im April 2008 als Vorl\u00e4ufer der Genossenschaft gegr\u00fcndet und ist Seit 2012 eigenst\u00e4ndig aktiv. Der Verein steht allen interessierten Menschen&#8230;","publishpress_future_workflow_manual_trigger":{"enabledWorkflows":[]},"_links":{"self":[{"href":"https:\/\/moeckernkiez.org\/index.php?rest_route=\/wp\/v2\/pages\/11294","targetHints":{"allow":["GET"]}}],"collection":[{"href":"https:\/\/moeckernkiez.org\/index.php?rest_route=\/wp\/v2\/pages"}],"about":[{"href":"https:\/\/moeckernkiez.org\/index.php?rest_route=\/wp\/v2\/types\/page"}],"author":[{"embeddable":true,"href":"https:\/\/moeckernkiez.org\/index.php?rest_route=\/wp\/v2\/users\/2"}],"replies":[{"embeddable":true,"href":"https:\/\/moeckernkiez.org\/index.php?rest_route=%2Fwp%2Fv2%2Fcomments&post=11294"}],"version-history":[{"count":10,"href":"https:\/\/moeckernkiez.org\/index.php?rest_route=\/wp\/v2\/pages\/11294\/revisions"}],"predecessor-version":[{"id":18526,"href":"https:\/\/moeckernkiez.org\/index.php?rest_route=\/wp\/v2\/pages\/11294\/revisions\/18526"}],"wp:attachment":[{"href":"https:\/\/moeckernkiez.org\/index.php?rest_route=%2Fwp%2Fv2%2Fmedia&parent=11294"}],"curies":[{"name":"wp","href":"https:\/\/api.w.org\/{rel}","templated":true}]}}