{"id":11198,"date":"2021-07-30T12:19:28","date_gmt":"2021-07-30T10:19:28","guid":{"rendered":"https:\/\/moeckernkiez.org\/?page_id=11198"},"modified":"2022-03-04T13:52:06","modified_gmt":"2022-03-04T12:52:06","slug":"moeckernkiez-newsletter-nr-35-august-2021-auszug","status":"publish","type":"page","link":"https:\/\/moeckernkiez.org\/?page_id=11198","title":{"rendered":"M\u00f6ckernkiez Newsletter &#8211; Nr. 35 &#8211; August 2021 (Auszug)"},"content":{"rendered":"\n<p>Der Programmbeirat stellt sich vor<br>Warten auf Veranstaltungen<br>Fernsehanstalten haben Programmbeir\u00e4te, der M\u00f6ckernkiez hat auch einen. Unsere Aufgabe ist es, Veranstaltungen und sonstige Aktivit\u00e4ten, die in den Gemeinschaftsr\u00e4umen stattfinden, zu reflektieren, zu begleiten und in jedem Jahr den Mitgliederversammlungen von Genossenschaft und Verein einen Bericht zu geben. Wir haben allgemeine Leitlinien, Empfehlungen und Anregungen f\u00fcr die Programmgestaltung und Nutzung der R\u00e4ume erarbeitet und werden sie im Kontakt mit Arbeitsgruppen im M\u00f6ckernkiez und anderen Veranstaltern aktualisieren. Dabei sind uns folgende Aspekte wichtig: Ist das Programm vielf\u00e4ltig? Sind viele Gruppen repr\u00e4sentiert? Wie ist das Verh\u00e4ltnis von Kultur, Politik, Unterhaltung, Sport, Bewegung, sozialem Engagement? Sind die R\u00e4ume ausgelastet? Ist das Buchungsverfahren transparent? Wirkt das Programm in die Nachbarschaft des Stadtteils hinein? Wir nehmen gerne Anregungen und W\u00fcnsche f\u00fcr die Programmgestaltung entgegen und geben sie weiter. Jeweils vier von uns sind vor einem Jahr \u00fcber Beirat und Verein gew\u00e4hlt bzw. best\u00e4tigt worden. Zwar gibt es noch nicht viel zu beobachten, wir haben uns dennoch Anfang Juli neu zusammengefunden.<\/p>\n\n\n\n<p>Serie \u201eLeben mit Herausforderungen im Kiez\u201c<br>Gleichberechtigte Teilhabe ist das Ziel<br>Die AG Barrierefreiheit wurde im Jahr 2017 gegr\u00fcndet. Hier vereint sind Menschen, die im M\u00f6ckernkiez Barrieren abbauen m\u00f6chten, damit Teilhabe und Inklusion \u00fcberall im Kiez m\u00f6glich ist. Im Jahr 2018 wurde mit dem Vorstand eine Vereinbarung getroffen, die noch vorhandenen baulichen Barrieren in den n\u00e4chsten Jahren St\u00fcck f\u00fcr St\u00fcck abzubauen.<br>Dies f\u00fchrt nicht nur zu mehr Teilhabe von Menschen mit Behinderung, es kann auch den Alltag von Menschen mit Kinderwagen, Fahrrad, Lastenfahrrad, vor\u00fcbergehend eingeschr\u00e4nkter Mobilit\u00e4t oder \u00e4lteren Menschen deutlich erleichtern und sicherer machen. In unserer Arbeit stellen wir uns immer wieder folgende Fragen: Wieviel Unterst\u00fctzung und Hilfe MUSS ein Mensch annehmen, um teilhaben zu k\u00f6nnen, und wo ist der Abbau von Barrieren ein selbstverst\u00e4ndliches Menschenrecht, das eine eigenst\u00e4ndige Teilhabe garantiert?<br>H\u00e4ufig m\u00fcssen Menschen mit Behinderungen dieses Recht aktiv einfordern, denn obwohl Deutschland die UN-Behindertenrechtskonvention vor \u00fcber 10 Jahren unterzeichnet hat, geht die Umsetzung eher langsam voran und von einer inklusiven Gesellschaft sind wir noch weit entfernt.<br>Hier k\u00f6nnen und m\u00fcssen wir als Zivilgesellschaft den Prozess gemeinsam vorantreiben.Wir w\u00fcnschen uns im M\u00f6ckernkiez (und in der Gesellschaft) mehr Selbstverst\u00e4ndlichkeit, daf\u00fcr dass z. B. ein Mensch im Rollstuhl ohne Unterst\u00fctzung ins Haus oder in den Keller kommt oder einen Kaffee im M\u00f6ca trinken kann, ohne darauf zu warten, dass jemand die T\u00fcr \u00f6ffnet.<br>Ein Kind im Rollstuhl oder mit Sinneseinschr\u00e4nkungen m\u00f6chte selbstverst\u00e4ndlich aktiv auf dem Spielplatz mit anderen Kindern spielen k\u00f6nnen. Im M\u00f6ckernkiez gibt es eine gro\u00dfe nachbarschaftliche Hilfsbereitschaft. Das ist wunderbar und gut so. Jedoch sollte Hilfsbereitschaft keine Alternative f\u00fcr den aktiven Abbau von Barrieren darstellen. Unterst\u00fctzung darf keine Notwendigkeit sein, sondern kann zus\u00e4tzlich eine Erleichterung darstellen. Der Abbau von Barrieren, und zum Teil die Zu- und Umr\u00fcstung von Hilfsmitteln, erm\u00f6glicht in vielen F\u00e4llen eine gleichberechtigte Teilhabe von Menschen mit unterschiedlichen Behinderungen.<br>Damit sind sie keine Hilfe-Empf\u00e4nger:innen mehr, sondern kompetente, gleichberechtigte und verantwortliche Mitglieder einer diversen Gemeinschaft. Diese ver\u00e4nderte Perspektive f\u00fchrt zum Abbau von passiven und aktiven Diskriminierungen und zu mehr Miteinander. Dann stellen wir uns vielleicht nicht mehr die Frage, ob auch eine entsprechend ausgebildete blinde Person einen Vorstandsposten ausf\u00fcllen kann oder ob das Kind im Rollstuhl denn \u00fcberhaupt selbstst\u00e4ndig auf den Spielplatz fahren will.<\/p>\n\n\n\n<p>Alle Jahre wieder<br>Sommerfest 2021 im M\u00f6ckernkiez am 28. August Wie die meisten im Kiez schon wissen, findet am Samstag, den 28. August von 15 bis 21 Uhr auf dem gesamten Kiezgel\u00e4nde das M\u00f6ckernkiez-Sommerfest statt.<br>Es wird wieder ein kreatives B\u00fchnenprogramm an zwei Auftrittsorten geben, welches sich noch in der Gestaltung befindet. Die auftretenden K\u00fcnstler:innen freuen sich nach einer kargen Zeit \u00fcber reichhaltige Spenden. Das fertige B\u00fchnenprogramm ver\u00f6ffentlichen wir rechtzeitig.<br>Sch\u00f6n w\u00e4re es, wenn die Bewohner:innen der H\u00e4user wieder f\u00fcr leckere Snacks sorgen. Ob wir diese letztendlich allen Festbesucher:innen anbieten k\u00f6nnen, wissen wir aktuell noch nicht. Dies h\u00e4ngt von den dann geltenden Hygienebestimmungen ab. Auch dazu werden wir rechtzeitig eine Info in alle H\u00e4user schicken. Sehr gerne ermuntern wir alle Arbeitsgruppen, sich auf der Kiezstra\u00dfe mit einem Stand, Tisch oder Sonstigem zu pr\u00e4sentieren und \u00fcber ihre aktuellen Inhalte zu informieren. Die Planung des Kinderprogramms ist noch im Aufbau. Ideen und Initiativen dazu sind sehr willkommen.<br>Gesucht werden Unterst\u00fctzer:innen f\u00fcr Auf- und Abbau. Meldet euch bei der Vorbereitungsgruppe Sommerfest. N\u00e4chstes Vorbereitungstreffen ist am:<br>Mittwoch, 4. August 2021 um 18 Uhr auf dem Kiezplatz oder im M\u00f6Ca. Unterst\u00fctzer:innen sind willkommen.<\/p>\n\n\n\n<p>Zukunftswerkstatt<br>Zukunftsforum 2030 \u2013 Auftaktveranstaltung am 24. August<br>Erweiterung, Mitgliederstopp, sich einmischen in den politischen Diskurs der Stadt, eine kontinuierliche Verbesserung des Lebens im Kiez? Nur eines, alles oder nichts davon? Wie die Zukunft der M\u00f6ckernkiez eG aussehen kann und worauf dabei zu achten ist, soll das Zukunftsforum 2030 beantworten. Der Prozess startet mit einer online stattfindenden Auftaktveranstaltung am Dienstag, 24. August um 19 Uhr. Die f\u00fcr alle Mitglieder offene Veranstaltung dient neben der Information \u00fcber Ziele und den Prozess auch gleich dazu, erste inhaltliche Fragen und W\u00fcnsche der Teilnehmer:innen festzuhalten. Die aus Aufsichtsrat, Genossenschaftsvorstand, Beiratsvorsitz und Vereinsvorstand bestehende Steuerungsgruppe freut sich auf eine rege Teilnahme!<br>Der Link zur Teilnahme wird Anfang August \u00fcber eine Mitgliederinfo verschickt.<\/p>\n\n\n\n<p>AG Betriebskosten<br>Einsparpotenziale bei den Betriebskosten im M\u00f6ckernkiez<br>Um im Rahmen der Selbstverwaltung des M\u00f6ckernkiez die anfallenden und somit abzurechnenden Betriebs-, Warmwasser- und Heizkosten zu analysieren und auf m\u00f6gliche Einsparpotenziale und damit vor allem der verbesserten sozial-\u00f6kologischen Ressourcennutzung im Sinne der Gemeinwohlbilanz zu pr\u00fcfen, wurde in diesem Jahr vom Beirat die AG Betriebskosten initiiert. Ziel ihrer Arbeit ist es, die Bereiche der Betriebskosten-Abrechnung zu untersuchen, die alle H\u00e4user im M\u00f6ckernkiez in gleicher Weise betreffen, um nach Einsparpotenzialen zu suchen.<br>In ihrer ersten Sitzung haben die vier st\u00e4ndigen Mitglieder der AG Betriebskosten vier Themenkomplexe identifiziert: Aufzugskosten (ohne Strom), Geb\u00e4udereinigung, Kosten der W\u00e4rmeerzeugung (Heizung, Warmwasser) und Grundsteuer.<br>Die AG Betriebskosten hat sich zum Ziel gesetzt zu pr\u00fcfen: welche Serviceleistungen sind unbedingt notwendig und sinnvoll, wie sind die gegenw\u00e4rtigen Vertragsbedingungen und wo k\u00f6nnte die Gesch\u00e4ftsstelle bei der Fortschreibung oder dem Abschluss neuer Vertr\u00e4ge mit den Erfahrungen der Wohnungsnutzer:innen unterst\u00fctzt werden.<br>Leitmotiv der Arbeit der AG ist der Solidarit\u00e4tsgedanke unserer Satzung und des Genossenschaftsgesetzes sowie die Einsparung von Ressourcen im Sinne der Gemeinwohlbilanz. Somit will sie einen Beitrag zur weiteren Verbesserung des Wohnumfeldes aller Wohnenden leisten. Die AG Betriebskosten trifft sich regelm\u00e4\u00dfig. F\u00fcr Anregungen und Ideen ist sie jederzeit offen.<\/p>\n\n\n\n<p>Kiezwoche lockt<br>M\u00f6ckernkiez mischt wieder mit<\/p>\n\n\n\n<p>Wie jedes Jahr l\u00e4dt das Kiezb\u00fcndnis am Kreuzberg zur Kiezwoche mit prall gef\u00fclltem Programm ein. Er\u00f6ffnet wird die Kiezwoche am Freitag, 27. August um 19 Uhr mit der Jubil\u00e4umsausstellung &#8222;20 Jahre Kiezwoche zwischen Kreuzberg und Landwehrkanal&#8220; im Bezirksamt Yorckstra\u00dfe. Dann geht es weiter mit attraktiven Veranstaltungen, wie beispielsweise Spaziergang gegen Verdr\u00e4ngung (28.8.) oder Friedhofsf\u00fchrung am Mehringdamm (29.8.). Auch kulturelle Akzente werden gesetzt, etwa mit der Ausstellung &#8222;K\u00fcnstlerisches Schaffen im Kiez&#8220; (Er\u00f6ffnung 28.8.) und dem Film &#8222;Die Farbe der Seele&#8220; von Helma Sanders-Brahms (30.8.).<br>Der M\u00f6ckernkiez-Verein unterst\u00fctzt die Woche finanziell und beteiligt sich mit zwei spannenden Veranstaltungen: Die AG Nachbarschaftshilfe richtet den integrativen Kiezlauf im Gleisdreieckpark aus (29.8.) und die Verkehrsgruppe der AG Kreuzberger Nachbarschaft behandelt das Thema &#8222;Mobilit\u00e4tswende in Kreuzberg West&#8220; mit Felix Weisbrich, Leiter des Stra\u00dfen- und Gr\u00fcnfl\u00e4chenamts im Bezirk, sowie Engagierten im M\u00f6ckernkiez und der Nachbarschaft (3.9.). Weil die Evangelische Christus-Kirche in der Hornstra\u00dfe saniert wird, findet das traditionelle Hornstra\u00dfenfest am Samstag, 4. September, im Hof des Gemeindezentrums in der Wartenburgstra\u00dfe 7 statt.<\/p>\n\n\n\n<p>Inklusive Bewegung in der Kiezwoche<br>Auf zum Gemeinschaftslauf 2021 durch den Gleisdreieckpark!<br>Mit der Aktion Gemeinschaftslauf 2021 startet die \u201eKiezwoche\u201c des umgebenden Quartiers, an der wir uns aktiv beteiligen. Alle k\u00f6nnen mitmachen: Jung \u2013 Alt \u2013 im Kinderwagen oder Rollstuhl ausnahmsweise mal \u201egenerationen\u00fcbergreifend\u201c.<br>Treffpunkt sowie Start und Ziel ist im Gleisdreieckpark bei der Rampe gegen\u00fcber G 17. Hier geht es los und es ist auch der Ort f\u00fcr Erfrischungen und Sitzgelegenheiten.<br>Am Ende des Laufes erfolgt die Preisverteilung.<br>Vorbereitungstreffen: Freitag, den 13. August um 16 Uhr, auf dem Kiezplatz<br><\/p>\n\n\n\n<p>Aktion gegen M\u00fcll im Gleisdreieckpark<br>T\u00fcten und Appelle an die Vernunft<br>Wer in den fr\u00fchen Morgenstunden im Park am Gleisdreieck unterwegs ist, kennt das Problem: vor allem nach lauen Sommern\u00e4chten m\u00fcssen die Mitarbeiter:innen von Gr\u00fcnBerlin s\u00e4ckeweise Pizzakartons, Bier- und Schnapsflaschen, oft in Form von Scherben, Lebensmittelreste und sonstigen M\u00fcll einsammeln und abtransportieren. Eine Initiative von drei Mitgliedern des Nutzer:innenbeirats f\u00fcr den Park will mit einer Aktion an die Vernunft der Menschen appellieren, die nachts Party machen und hinterher nicht aufr\u00e4umen.<br>An zwei Wochenenden im August und September sollen mehrere Gruppen von jeweils 4 bis 5 Personen durch den Park gehen und an alle dort Feiernden stabile M\u00fcllt\u00fcten verteilen. Au\u00dferdem bekommen sie Pappbecher f\u00fcr Zigarettenkippen und Kronkorken in die Hand gedr\u00fcckt und einen kleinen Zettel, der ihnen erkl\u00e4ren soll, welche Probleme die vielen Hinterlassenschaften nach n\u00e4chtlichen Partys verursachen.<br>In freundlichen Worten wird an das Verantwortungsbewusstsein der meist jungen n\u00e4chtlichen Parkbesucher:innen appelliert, verbunden mit der Bitte, die gef\u00fcllten M\u00fcllt\u00fcten zu einem M\u00fclleimer oder zu einem der im Park aufgestellten Gitterk\u00f6rbe zu bringen. Auch Plakate an den Eing\u00e4ngen zum Park werden auf die Aktion hinweisen.<br>Vier Termine sind geplant:<br>Freitag, 6. August und Samstag, 7. August,<br>Freitag, 10. September und Samstag, 11. September<br>jeweils ab 22 Uhr.<\/p>\n","protected":false},"excerpt":{"rendered":"<p>Der Programmbeirat stellt sich vorWarten auf VeranstaltungenFernsehanstalten haben Programmbeir\u00e4te, der M\u00f6ckernkiez hat auch einen. Unsere Aufgabe ist es, Veranstaltungen und&#8230;<\/p>\n","protected":false},"author":2,"featured_media":0,"parent":0,"menu_order":0,"comment_status":"closed","ping_status":"closed","template":"","meta":{"_uag_custom_page_level_css":"","iawp_total_views":17,"footnotes":""},"class_list":["post-11198","page","type-page","status-publish","hentry","entry","rows-excerpt"],"uagb_featured_image_src":{"full":false,"thumbnail":false,"medium":false,"medium_large":false,"large":false,"1536x1536":false,"2048x2048":false,"awpcp-thumbnail":false,"awpcp-featured":false,"awpcp-featured-on-lists":false,"awpcp-large":false},"uagb_author_info":{"display_name":"MB","author_link":"https:\/\/moeckernkiez.org\/?author=2"},"uagb_comment_info":0,"uagb_excerpt":"Der Programmbeirat stellt sich vorWarten auf VeranstaltungenFernsehanstalten haben Programmbeir\u00e4te, der M\u00f6ckernkiez hat auch einen. Unsere Aufgabe ist es, Veranstaltungen und&#8230;","publishpress_future_workflow_manual_trigger":{"enabledWorkflows":[]},"_links":{"self":[{"href":"https:\/\/moeckernkiez.org\/index.php?rest_route=\/wp\/v2\/pages\/11198","targetHints":{"allow":["GET"]}}],"collection":[{"href":"https:\/\/moeckernkiez.org\/index.php?rest_route=\/wp\/v2\/pages"}],"about":[{"href":"https:\/\/moeckernkiez.org\/index.php?rest_route=\/wp\/v2\/types\/page"}],"author":[{"embeddable":true,"href":"https:\/\/moeckernkiez.org\/index.php?rest_route=\/wp\/v2\/users\/2"}],"replies":[{"embeddable":true,"href":"https:\/\/moeckernkiez.org\/index.php?rest_route=%2Fwp%2Fv2%2Fcomments&post=11198"}],"version-history":[{"count":4,"href":"https:\/\/moeckernkiez.org\/index.php?rest_route=\/wp\/v2\/pages\/11198\/revisions"}],"predecessor-version":[{"id":14216,"href":"https:\/\/moeckernkiez.org\/index.php?rest_route=\/wp\/v2\/pages\/11198\/revisions\/14216"}],"wp:attachment":[{"href":"https:\/\/moeckernkiez.org\/index.php?rest_route=%2Fwp%2Fv2%2Fmedia&parent=11198"}],"curies":[{"name":"wp","href":"https:\/\/api.w.org\/{rel}","templated":true}]}}