{"id":10337,"date":"2021-06-16T09:46:59","date_gmt":"2021-06-16T07:46:59","guid":{"rendered":"https:\/\/moeckernkiez.org\/?page_id=10337"},"modified":"2021-08-07T12:33:36","modified_gmt":"2021-08-07T10:33:36","slug":"mailinglisten","status":"publish","type":"page","link":"https:\/\/moeckernkiez.org\/?page_id=10337","title":{"rendered":"Anleitung\/Umgang mit der Mailingliste"},"content":{"rendered":"\n<p>Dieser Text soll zum Verst\u00e4ndnis einiger grunds\u00e4tzlichen Regeln im Umgang mit einer Mailingliste beitragen.<br>Um die Mailinglisten auch in Zukunft lesbar zu gestalten, sollten hier Regeln gelten, die sich auf vielen anderen Mailinglisten bew\u00e4hrt haben und die von der Mehrzahl der Teilnehmer akzeptiert und angewendet werden.<\/p>\n\n\n\n<h2 class=\"wp-block-heading\">Inhaltsverzeichnis<\/h2>\n\n\n\n<ul class=\"wp-block-list\"><li>1 Allgemeines<\/li><li>2 Was ist eine Mailingliste und wie funktioniert sie?<\/li><li>3 Zusammenfassung abonnieren oder nicht?<\/li><li>4 Gib deinen Namen an<\/li><li>5 F\u00fcr jedes neue Thema bitte eine neue Mail anlegen<\/li><li>6 Antworten sinnvoll k\u00fcrzen<\/li><li>7 Achte auf gute Lesbarkeit<\/li><li>8 Schicke keine Dateianh\u00e4nge an die Liste<\/li><li>9 Eine Signatur w\u00e4re super<\/li><li>10 Links<\/li><li>11 Copyright-Hinweis<\/li><\/ul>\n\n\n\n<h1 class=\"wp-block-heading\">Allgemeines<\/h1>\n\n\n\n<p>Die Mailinglisten werden zentral eingerichtet und verwaltet. Mit der Beantragung muss eine verantwortliche ModeratorIn benannt werden.<\/p>\n\n\n\n<h1 class=\"wp-block-heading\">Was ist eine Mailingliste und wie funktioniert sie?<\/h1>\n\n\n\n<p>Eine Mailingliste ist eine Liste von Emailadressen, die \u00fcber eine einzige Sammel-Emailadresse angeschrieben werden kann.<br>Den Vorgang, sich selbst auf diese Liste zu setzen, nennt man Abonnieren. Hat man eine Liste abonniert, erh\u00e4lt man ab sofort alle Emails, die an diese Liste, also an die Sammeladresse, geschrieben wurden.<br>Man kann selbst an die Listen schreiben. Meistens sollte man dazu die Liste abonniert haben, denn nur dann werden sie an alle Empf\u00e4nger durchgelassen. Mails von Nicht-Abonnenten werden meistens &#8218;moderiert&#8216;, d.h. ein Moderator liest die Mail und entscheidet dann, ob die Mail an die Liste weitergeleitet wird.<br>Will man die Mails einer Liste nicht mehr empfangen, kann man sie wieder abbestellen und erh\u00e4lt dann zuverl\u00e4ssig keine Mails mehr. (Im Gegensatz zu Verteilerlisten in Emailprogrammen wie Outlook &#8211; irgendjemand hat dich immer noch in seinem Verteiler und schreibt dir munter weiter Mails, obwohl du das nicht mehr willst.)<\/p>\n\n\n\n<h1 class=\"wp-block-heading\">Zusammenfassung abonnieren oder nicht?<\/h1>\n\n\n\n<p>Die Mailinglisten-Software bietet die Funktion an, nicht alle Mails weiterzuleiten, sondern nur eine t\u00e4gliche Zusammenfassung.<br>Diese Funktion ist <strong>NUR<\/strong> f\u00fcr diejenigen , die sich <strong>ausschlie\u00dflich lesend<\/strong> an einer Liste beteiligen m\u00f6chten.<br>Wer auf einen Beitrag auf der Liste antworten m\u00f6chte, sollte auf die einzelne Mail antworten, hat man diese nicht, sondern nur die Zusammenfassung, antwortet man auch nur auf die Zusammenfassung. dadurch wei\u00df der Schreiber der urspr\u00fcnglichen Mail gar nicht, dass er angesprochen wurde.<\/p>\n\n\n\n<h1 class=\"wp-block-heading\">Gib deinen Namen an<\/h1>\n\n\n\n<p>Wie im normalen Leben, so auch auf der Mailingliste. Die Umgangsformen gebieten, dass man sich vorstellt. Das kann mit der Angabe des Realnamen geschehen oder mit einem festen Pseudonym. Es ist ohnehin nicht erkennbar, ob sich hinter &#8222;Alexander M\u00fcller&#8220; nicht doch ein Rudolf Schulz verbirgt.<br>Anonymes schreiben &#8212; und dazu z\u00e4hlen Emailadressen wie schnucki@gmy.de oder 1234567@timobeil.de &#8212; sind nicht gern gesehen und werden allenfalls mit Missachtung quittiert. &#8222;Don&#8217;t feed the Troll&#8220; wird dann zu h\u00f6ren sein.<br>Eine Aussagekr\u00e4ftige Signatur oder besser noch eine zur Absender-Emailadresse passende kryptografische Signatur (Stichwort PGP, GnuPG usw.) zeigen, dass man ernsthaft zur Mailingliste beitragen und nicht nur st\u00e4nkern will.<br>Kurzgefasst: Benannt &#8211; Ja. Pseudonym &#8211; Ja. Anonym &#8211; Nein.<\/p>\n\n\n\n<h1 class=\"wp-block-heading\">F\u00fcr jedes neue Thema bitte eine neue Mail anlegen<\/h1>\n\n\n\n<p>Oft verwenden Teilnehmer die <em>Antwortfunktion<\/em> des Mailprogramms, um ein neues Thema anzufangen. Dabei l\u00f6schen sie den als Zitat eingelesenen Inhalt und das Subjekt. Jedoch bleiben bei diesem Verfahren die (unsichtbaren) Verwaltungsinformationen der Mail erhalten und die Mail wird jetzt beim Empf\u00e4nger innerhalb des urspr\u00fcnglichen Themas einsortiert.<br>Stell dir vor, du platzt in ein Gespr\u00e4ch mit einem v\u00f6llig anderen Thema hinein. Dementsprechend ruppig kann die Reaktion der anderen ausfallen.<br>Also schreibe eine <strong>neue<\/strong> Mail. Viele Mailprogramme unterst\u00fctzen dich dabei,indem sie gleich die Listenadresse in das Empf\u00e4ngerfeld eintragen. Schau einmal nach, ob dein Mailprogramm das auch kann.<br>Gib deiner Mail eine \u00dcberschrift (Betreff, Subject), die das Thema deutlich macht.<\/p>\n\n\n\n<h1 class=\"wp-block-heading\">Antworten sinnvoll k\u00fcrzen<\/h1>\n\n\n\n<p>Dein Mailprogramm liest beim Beantworten die alte Mail, versehen mit Quotezeichen (> ), wieder ein. Nun hast du es ganz leicht, zu antworten. Doch l\u00f6sche alles, auf das du dich nicht beziehst. Lasse aber den Absatz, auf den du antwortest, stehen. Deine Antwort kommt unter diesen Absatz, mit Leerzeile getrennt. Das entspricht der \u00fcblichen Leserichtung von oben nach unten.<br>Absolut unn\u00f6tig ist <strong>TOFU<\/strong> = (kompletten) <strong>T<\/strong>(ext deiner Antwort) <strong>O<\/strong>(ben) <strong>F<\/strong>(ullqoute, also kompletten Text der alten Mail) <strong>U<\/strong>(nten). Unn\u00f6tig ist auch die umgekehrte Form TUFO.<br>Gelegentlich werden von den Teilnehmern Abk\u00fcrzungen f\u00fcr Floskeln verwendet. Solche Abk\u00fcrzungen werden hier erkl\u00e4rt: <a href=\"http:\/\/de.wikipedia.org\/wiki\/Netzjargon\">http:\/\/de.wikipedia.org\/wiki\/Netzjargon<\/a><br>Verzicht auf Abk\u00fcrzungen und Floskeln <strong>kann<\/strong> Missverst\u00e4ndnisse verhindern.<\/p>\n\n\n\n<p><em><strong>Bemerkung:<\/strong> Das Thema TOFU macht immer wieder die Runde. Ja, ich wei\u00df, es ist schwer, wenn man diesen Stil z.B. durch Vorgesetzte auf der Arbeitsstelle &#8222;aufgedr\u00fcckt&#8220; bekommt. Angeblich soll es ja Zeit sparen, wenn man schnell die Antwort oben dr\u00fcber schreibt. Ok, vielleicht spart der Schreiber Zeit, aber alle Empf\u00e4nger stehen vor dem Problem, dass man erst die Antwort liest und dann die Frage.<\/em><\/p>\n\n\n\n<h1 class=\"wp-block-heading\">Achte auf gute Lesbarkeit<\/h1>\n\n\n\n<p>Im deutschen Sprachraum geh\u00f6rt dazu das Einhalten der Gro\u00df- und Kleinschreibung. \u00dcber einen Vertipper regt sich niemand auf, eine grobe Missachtung der Rechtschreibregeln oder das Ignorieren von Satzzeichen dagegen macht das Lesen des Textes m\u00fchselig.<br>Beachte: Am Bildschirm liest sich Text anders als auf dem Papier. Spare daher nicht mit dem Setzen von Abs\u00e4tzen. deine Leser werden es dir danken.<br>Die meisten Programme lassen sich auf gut lesbaren Zeilenumbruch bei 72 Zeichen einstellen.<\/p>\n\n\n\n<h1 class=\"wp-block-heading\">Mailprogramm richtig konfigurieren<\/h1>\n\n\n\n<p>Wirf einen genaueren Blick in die Konfigurationsmen\u00fcs deines Mailprogramms.<br>Dein Zeichensatz sollte korrekt deklariert werden, so dass Umlaute sauber dargestellt werden. Am geeignetsten ist iso-8859-1, iso-8859-15 oder utf-8 Kodierung.<br>Die maximale Zeilenl\u00e4nge betr\u00e4gt 72 Zeichen; 68 haben sich in der Praxis vieler sehr bew\u00e4hrt. Der Text deiner Mail soll in blo\u00dfem Text (ASCII) bestehen (oft ist die Voreinstellung HTML), das Quotezeichen ist ein &#8218;> &#8218; (Gr\u00f6\u00dfer-)Zeichen plus einem Leerzeichen, die Kennzeichnung f\u00fcr eine Antwort ist ein einziges &#8218;Re: &#8218; plus einem Leerzeichen.<br>Leider ignorieren viele Mailprogramme die Standards in der Grundkonfiguration. Es ist aber meistens ganz leicht, das umzustellen. Bitte mach dir die M\u00fche.<br>Bitte stelle dein Mailprogramm so ein, dass keine Empfangs-\/Lesebest\u00e4tigungen angefordert werden. Eine Mail, die Du schickst, wird von allen Lesern der Liste empfangen. Wenn dein Gegen\u00fcber nicht so nett w\u00e4re, die Best\u00e4tigungsmail zu verhindern, w\u00e4re dein Posteingang in K\u00fcrze \u00fcberflutet.<\/p>\n\n\n\n<h1 class=\"wp-block-heading\">Schicke keine Dateianh\u00e4nge an die Liste<\/h1>\n\n\n\n<p>Jede Mail, die Du an diese Liste schickst, wird automatisch an mehrere hundert Empf\u00e4nger weitergeleitet. Viele davon verwenden Modems oder andere schmalbandige Anbindungen. Daher sollte die Datenmenge, die \u00fcber die Liste geht, m\u00f6glichst klein sein (deswegen z.B. nur ASCII- Mails).<br>Wenn ein Screenshot oder eine Datei notwendig zum Verstehen eines Problems sind, dann stell die Datei auf einen Server zum runter laden und poste nur den Link dazu auf die Liste. Du kannst auch den Mailversand anbieten &#8211; dann warte ab, bis Dich jemand dazu auffordert, die Datei per PM (Private Mail) zu schicken.<br>Anmerkung: vCard&#8217;s geh\u00f6ren in die Kategorie &#8222;unerw\u00fcnschte Anh\u00e4nge&#8220;.<\/p>\n\n\n\n<h1 class=\"wp-block-heading\">Eine Signatur w\u00e4re super<\/h1>\n\n\n\n<p>Fast jedes Mail-Programm ist in der Lage, eine Signatur an E-Mails anzuh\u00e4ngen. Es w\u00e4re super, wenn jeder seinen Standort\/Wohnort\/Struktur in seine Signatur schreiben w\u00fcrde. F\u00fcr andere Teilnehmer ist es interessant zu wissen, wer wo sitzt.\u00a0Auf einer technischen Mailingliste ist nicht erforderlich.<br>Signaturen sollten den \u00fcblichen Umfang von 72 Zeichen pro Zeile nicht \u00fcberschreiten und insgesamt nicht l\u00e4nger als 4 Zeilen sein.<\/p>\n\n\n\n<h1 class=\"wp-block-heading\">Zusammenfassung t\u00e4glich zusenden lassen?<\/h1>\n\n\n\n<p>Beim Abonnieren der Mailingliste kann man festlegen, ob man sich eine t\u00e4gliche Zusammenfassung aller Mails zusenden lassen m\u00f6chte. <br>\u00dcber den Sinn der Zusammenfassung kann man sicher streiten. Wer nur eine Mail t\u00e4glich haben m\u00f6chte, kann nat\u00fcrlich diese Option w\u00e4hlen. Man sollte aber <strong>bitte<\/strong> daran denken, diese Mail sinnvoll zu k\u00fcrzen, wenn man auf der Mailingliste antwortet.<br><strong>Wer auf der Mailingliste regelm\u00e4\u00dfig liest <em>und<\/em> schreibt ist wahrscheinlich <em>ohne<\/em> diese Zusammenfassung besser bedient.<\/strong> Jedes Mailprogramm sollte heute in der Lage sein, eine extra Mailbox pro Mailingliste anzulegen und Mails \u00fcber entsprechende Nachrichtenfilter in diese einzusortieren. Dieses Vorgehen hat den Vorteil, dass Mails z.B. in <a href=\"http:\/\/de.wikipedia.org\/wiki\/Thread_(Internet)\">Threads<\/a> (Diskussionsf\u00e4den) dargestellt werden k\u00f6nnen. Das erleichtert es, dass in einem Thread genau ein Thema \u00fcbersichtlich diskutiert werden kann.<br><em><strong>Bemerkung:<\/strong> Die Zusammenfassung kann man auch nachtr\u00e4glich abbestellen.<\/em><\/p>\n\n\n\n<h1 class=\"wp-block-heading\">pers\u00f6nliche Hilfe<\/h1>\n\n\n\n<p>Wer mit der Konfiguration seines Mailprogrammes nicht klar kommt, sollte sich nicht scheuen nach Hilfe zu fragen. <strong>Wir haben alle mal klein angefangen!<\/strong><\/p>\n\n\n\n<h1 class=\"wp-block-heading\">Links<\/h1>\n\n\n\n<p>Weitere gute Tipps zum Umgang mit E-Mails findet man hier:<\/p>\n\n\n\n<ul class=\"wp-block-list\"><li><a href=\"http:\/\/einklich.net\/usenet\/zitier.htm\">http:\/\/einklich.net\/usenet\/zitier.htm<\/a><\/li><li><a href=\"http:\/\/www.afaik.de\/usenet\/faq\/zitieren\/\">http:\/\/www.afaik.de\/usenet\/faq\/zitieren\/<\/a><\/li><li><a href=\"http:\/\/de.wikipedia.org\/wiki\/Netiquette\">http:\/\/de.wikipedia.org\/wiki\/Netiquette<\/a><\/li><\/ul>\n\n\n\n<h1 class=\"wp-block-heading\">Copyright-Hinweis<\/h1>\n\n\n\n<p>Einzelne Textabschnitte wurden den Seiten von <a href=\"http:\/\/www.eschkitai.de\/openoffice\/netikette.html\">http:\/\/www.eschkitai.de\/openoffice\/netikette.html<\/a> und <a href=\"http:\/\/www.suse-etikette.de.vu\/\">http:\/\/www.suse-etikette.de.vu\/<\/a> entnommen und angepasst.<\/p>\n\n\n\n<p>Die Originaltexte unterliegen der <a href=\"http:\/\/www.gnu.org\/licenses\/fdl.html\">GNU Free Documentation Licence<\/a>.<\/p>\n","protected":false},"excerpt":{"rendered":"<p>Dieser Text soll zum Verst\u00e4ndnis einiger grunds\u00e4tzlichen Regeln im Umgang mit einer Mailingliste beitragen.Um die Mailinglisten auch in Zukunft lesbar&#8230;<\/p>\n","protected":false},"author":2,"featured_media":0,"parent":0,"menu_order":0,"comment_status":"closed","ping_status":"closed","template":"","meta":{"_uag_custom_page_level_css":"","iawp_total_views":9,"footnotes":""},"class_list":["post-10337","page","type-page","status-publish","hentry","entry","rows-excerpt"],"uagb_featured_image_src":{"full":false,"thumbnail":false,"medium":false,"medium_large":false,"large":false,"1536x1536":false,"2048x2048":false,"awpcp-thumbnail":false,"awpcp-featured":false,"awpcp-featured-on-lists":false,"awpcp-large":false},"uagb_author_info":{"display_name":"MB","author_link":"https:\/\/moeckernkiez.org\/?author=2"},"uagb_comment_info":0,"uagb_excerpt":"Dieser Text soll zum Verst\u00e4ndnis einiger grunds\u00e4tzlichen Regeln im Umgang mit einer Mailingliste beitragen.Um die Mailinglisten auch in Zukunft lesbar&#8230;","publishpress_future_workflow_manual_trigger":{"enabledWorkflows":[]},"_links":{"self":[{"href":"https:\/\/moeckernkiez.org\/index.php?rest_route=\/wp\/v2\/pages\/10337","targetHints":{"allow":["GET"]}}],"collection":[{"href":"https:\/\/moeckernkiez.org\/index.php?rest_route=\/wp\/v2\/pages"}],"about":[{"href":"https:\/\/moeckernkiez.org\/index.php?rest_route=\/wp\/v2\/types\/page"}],"author":[{"embeddable":true,"href":"https:\/\/moeckernkiez.org\/index.php?rest_route=\/wp\/v2\/users\/2"}],"replies":[{"embeddable":true,"href":"https:\/\/moeckernkiez.org\/index.php?rest_route=%2Fwp%2Fv2%2Fcomments&post=10337"}],"version-history":[{"count":3,"href":"https:\/\/moeckernkiez.org\/index.php?rest_route=\/wp\/v2\/pages\/10337\/revisions"}],"predecessor-version":[{"id":10343,"href":"https:\/\/moeckernkiez.org\/index.php?rest_route=\/wp\/v2\/pages\/10337\/revisions\/10343"}],"wp:attachment":[{"href":"https:\/\/moeckernkiez.org\/index.php?rest_route=%2Fwp%2Fv2%2Fmedia&parent=10337"}],"curies":[{"name":"wp","href":"https:\/\/api.w.org\/{rel}","templated":true}]}}