{"id":10087,"date":"2021-05-31T18:58:28","date_gmt":"2021-05-31T16:58:28","guid":{"rendered":"https:\/\/moeckernkiez.org\/?page_id=10087"},"modified":"2021-05-31T18:58:28","modified_gmt":"2021-05-31T16:58:28","slug":"arbeitsgruppe-newsletter","status":"publish","type":"page","link":"https:\/\/moeckernkiez.org\/?page_id=10087","title":{"rendered":"Arbeitsgruppe Newsletter"},"content":{"rendered":"\n<p>Schreiben den M\u00f6ckernkiez e.V. Newletter und berichten \u00fcber das Vereinsleben im M\u00f6ckernkiez.<br><\/p>\n","protected":false},"excerpt":{"rendered":"<p>Schreiben den M\u00f6ckernkiez e.V. Newletter und berichten \u00fcber das Vereinsleben im M\u00f6ckernkiez.<\/p>\n","protected":false},"author":2,"featured_media":10054,"parent":0,"menu_order":0,"comment_status":"closed","ping_status":"closed","template":"","meta":{"_uag_custom_page_level_css":"","iawp_total_views":0,"footnotes":""},"class_list":["post-10087","page","type-page","status-publish","has-post-thumbnail","hentry","entry","rows-excerpt"],"uagb_featured_image_src":{"full":["https:\/\/moeckernkiez.org\/wp-content\/uploads\/2021\/05\/oalh2mojuuk.jpg",1024,683,false],"thumbnail":["https:\/\/moeckernkiez.org\/wp-content\/uploads\/2021\/05\/oalh2mojuuk-140x140.jpg",140,140,true],"medium":["https:\/\/moeckernkiez.org\/wp-content\/uploads\/2021\/05\/oalh2mojuuk-350x233.jpg",350,233,true],"medium_large":["https:\/\/moeckernkiez.org\/wp-content\/uploads\/2021\/05\/oalh2mojuuk-768x512.jpg",768,512,true],"large":["https:\/\/moeckernkiez.org\/wp-content\/uploads\/2021\/05\/oalh2mojuuk.jpg",1024,683,false],"1536x1536":["https:\/\/moeckernkiez.org\/wp-content\/uploads\/2021\/05\/oalh2mojuuk.jpg",1024,683,false],"2048x2048":["https:\/\/moeckernkiez.org\/wp-content\/uploads\/2021\/05\/oalh2mojuuk.jpg",1024,683,false],"awpcp-thumbnail":["https:\/\/moeckernkiez.org\/wp-content\/uploads\/2021\/05\/oalh2mojuuk.jpg",187,125,false],"awpcp-featured":["https:\/\/moeckernkiez.org\/wp-content\/uploads\/2021\/05\/oalh2mojuuk.jpg",300,200,false],"awpcp-featured-on-lists":["https:\/\/moeckernkiez.org\/wp-content\/uploads\/2021\/05\/oalh2mojuuk.jpg",300,200,false],"awpcp-large":["https:\/\/moeckernkiez.org\/wp-content\/uploads\/2021\/05\/oalh2mojuuk.jpg",640,427,false]},"uagb_author_info":{"display_name":"MB","author_link":"https:\/\/moeckernkiez.org\/?author=2"},"uagb_comment_info":0,"uagb_excerpt":"Schreiben den M\u00f6ckernkiez e.V. Newletter und berichten \u00fcber das Vereinsleben im M\u00f6ckernkiez.","publishpress_future_workflow_manual_trigger":{"enabledWorkflows":[]},"_links":{"self":[{"href":"https:\/\/moeckernkiez.org\/index.php?rest_route=\/wp\/v2\/pages\/10087","targetHints":{"allow":["GET"]}}],"collection":[{"href":"https:\/\/moeckernkiez.org\/index.php?rest_route=\/wp\/v2\/pages"}],"about":[{"href":"https:\/\/moeckernkiez.org\/index.php?rest_route=\/wp\/v2\/types\/page"}],"author":[{"embeddable":true,"href":"https:\/\/moeckernkiez.org\/index.php?rest_route=\/wp\/v2\/users\/2"}],"replies":[{"embeddable":true,"href":"https:\/\/moeckernkiez.org\/index.php?rest_route=%2Fwp%2Fv2%2Fcomments&post=10087"}],"version-history":[{"count":1,"href":"https:\/\/moeckernkiez.org\/index.php?rest_route=\/wp\/v2\/pages\/10087\/revisions"}],"predecessor-version":[{"id":10088,"href":"https:\/\/moeckernkiez.org\/index.php?rest_route=\/wp\/v2\/pages\/10087\/revisions\/10088"}],"wp:featuredmedia":[{"embeddable":true,"href":"https:\/\/moeckernkiez.org\/index.php?rest_route=\/wp\/v2\/media\/10054"}],"wp:attachment":[{"href":"https:\/\/moeckernkiez.org\/index.php?rest_route=%2Fwp%2Fv2%2Fmedia&parent=10087"}],"curies":[{"name":"wp","href":"https:\/\/api.w.org\/{rel}","templated":true}]}}