{"id":10085,"date":"2021-05-31T18:56:22","date_gmt":"2021-05-31T16:56:22","guid":{"rendered":"https:\/\/moeckernkiez.org\/?page_id=10085"},"modified":"2021-06-27T01:10:00","modified_gmt":"2021-06-26T23:10:00","slug":"arbeitsgruppe-zusammenleben","status":"publish","type":"page","link":"https:\/\/moeckernkiez.org\/?page_id=10085","title":{"rendered":"Arbeitsgruppe Zusammenleben"},"content":{"rendered":"\n<p>Die \u201eAG Zusammenleben im M\u00f6ckernkiez\u201c wurde im Oktober 2020 in ihrer jetzigen Zusammensetzung gegr\u00fcndet. Sie setzt eine gemeinsame Initiative des Beiratsvorsitzes und des Vereinsvorstandes fort, die in der Zeit zuvor unter anderem die Open Space Veranstaltung 2019 inhaltlich gestaltet hat. Auch damals in enger Zusammenarbeit mit der <a href=\"\/?page_id=10060\" target=\"_blank\" rel=\"noreferrer noopener\">AG Kommunikation<\/a>. Unmittelbarer Anlass f\u00fcr die neue Initiative war das Unbehagen, das entstand, als viele Bewohner*innen des M\u00f6ckernkiez zunehmend polarisierende Meinungen erlebten zu Themen wie \u201eKrach im Park\u201c oder im Umgang mit der Corona-Pandemie. Ein Ziel der AG ist es alles zu tun, damit wir eine gute Streitkultur entwickeln und im Kiez sprechf\u00e4hig bleiben auch zu Themen, die unterschiedlichen Gruppen in unseren H\u00e4usern Sorgen oder \u00c4ngste bereiten.<\/p>\n\n\n\n<p>Mit gemeinsamen Werten als Grundlage lassen sich bessere L\u00f6sungen finden \u2013 deshalb wurde auch ein Vertreter der <a href=\"\/?page_id=10072\">AG Politik<\/a> in die AG eingeladen, auch um die Impulse der Umfrage \u201eWie wollen wir im M\u00f6ckernkiez in Zukunft miteinander leben\u201c fortzuf\u00fchren.<\/p>\n\n\n\n<p>Es wurden folgende Vorschl\u00e4ge entwickelt:<\/p>\n\n\n\n<p>1) ein regelm\u00e4\u00dfiger Jour fixe (jeden 4. Sonntag im Monat, 13-14.30 Uhr) als Online-Veranstaltung \u2013 &nbsp;bis einschlie\u00dflich April.<\/p>\n\n\n\n<p>Die erste Veranstaltungen fand am 13.12.2020 unter externer Moderation statt \u2013 die zweite am 24.1.2021 griff eine Initiative der <a href=\"\/?page_id=10064\" target=\"_blank\" rel=\"noreferrer noopener\">AG Knatsch und Krach<\/a> auf. Die Themen f\u00fcr den dritten und vierten Jour fixe waren: \u201e\u00c4lter werden im Kiez\u201c (28.2.) in Zusammenarbeit mit der AG Nachbarschaftshilfe und wegen der Banneraktion\/ Reaktion des Vorstandes: \u00a0\u201cM\u00f6ckernkiez als politisches Projekt und Wohlf\u00fchlort\u201d (am 28.3.). Die letzte Veranstaltung im April hatte das Thema: Nachbarschaft unter Corona.<\/p>\n\n\n\n<p>2) Fortbildung f\u00fcr Hausgruppensprecher*innen an jeweils 2 Samstagen \u2013 hier hat die AG Kommunikation ein Konzept erarbeitet. Ziel: zu lernen, wie ich eine Hausgruppensitzung moderiere oder wie ich mit polarisierenden Themen in der Hausgruppe umgehe. Der Vorstand der Genossenschaft wird dieses Projekt auch finanziell unterst\u00fctzen. Erste vorbereitende Gespr\u00e4che haben stattgefunden.<\/p>\n\n\n\n<p>3) Ein Treffen auf dem Kiezplatz, das \u00e4hnlich wie die Open Space Veranstaltung 2019 wieder eine \u00f6ffentliche Diskussion in direkter Begegnung erm\u00f6glichen soll \u2013 geplant f\u00fcr Samstag, den 29. Mai, dann wegen der aktuellen Pandemielage auf den 11.9. verschoben.<\/p>\n\n\n\n<p>Die AG evaluiert Anfang Juni den Verlauf der Aktionen.<\/p>\n\n\n\n<p><\/p>\n\n\n\n<p class=\"has-white-color has-text-color\">Mitglieder: Bettina Lobenberg, Erwin Schmid, Harald Kamps, Helmut von Bialy, Ingrid Fliegel und Thomas Fues<\/p>\n\n\n\n<p><br><\/p>\n","protected":false},"excerpt":{"rendered":"<p>Die \u201eAG Zusammenleben im M\u00f6ckernkiez\u201c wurde im Oktober 2020 in ihrer jetzigen Zusammensetzung gegr\u00fcndet. Sie setzt eine gemeinsame Initiative des&#8230;<\/p>\n","protected":false},"author":2,"featured_media":10054,"parent":0,"menu_order":0,"comment_status":"closed","ping_status":"closed","template":"","meta":{"_uag_custom_page_level_css":"","iawp_total_views":28,"footnotes":""},"class_list":["post-10085","page","type-page","status-publish","has-post-thumbnail","hentry","entry","rows-excerpt"],"uagb_featured_image_src":{"full":["https:\/\/moeckernkiez.org\/wp-content\/uploads\/2021\/05\/oalh2mojuuk.jpg",1024,683,false],"thumbnail":["https:\/\/moeckernkiez.org\/wp-content\/uploads\/2021\/05\/oalh2mojuuk-140x140.jpg",140,140,true],"medium":["https:\/\/moeckernkiez.org\/wp-content\/uploads\/2021\/05\/oalh2mojuuk-350x233.jpg",350,233,true],"medium_large":["https:\/\/moeckernkiez.org\/wp-content\/uploads\/2021\/05\/oalh2mojuuk-768x512.jpg",768,512,true],"large":["https:\/\/moeckernkiez.org\/wp-content\/uploads\/2021\/05\/oalh2mojuuk.jpg",1024,683,false],"1536x1536":["https:\/\/moeckernkiez.org\/wp-content\/uploads\/2021\/05\/oalh2mojuuk.jpg",1024,683,false],"2048x2048":["https:\/\/moeckernkiez.org\/wp-content\/uploads\/2021\/05\/oalh2mojuuk.jpg",1024,683,false],"awpcp-thumbnail":["https:\/\/moeckernkiez.org\/wp-content\/uploads\/2021\/05\/oalh2mojuuk.jpg",187,125,false],"awpcp-featured":["https:\/\/moeckernkiez.org\/wp-content\/uploads\/2021\/05\/oalh2mojuuk.jpg",300,200,false],"awpcp-featured-on-lists":["https:\/\/moeckernkiez.org\/wp-content\/uploads\/2021\/05\/oalh2mojuuk.jpg",300,200,false],"awpcp-large":["https:\/\/moeckernkiez.org\/wp-content\/uploads\/2021\/05\/oalh2mojuuk.jpg",640,427,false]},"uagb_author_info":{"display_name":"MB","author_link":"https:\/\/moeckernkiez.org\/?author=2"},"uagb_comment_info":0,"uagb_excerpt":"Die \u201eAG Zusammenleben im M\u00f6ckernkiez\u201c wurde im Oktober 2020 in ihrer jetzigen Zusammensetzung gegr\u00fcndet. Sie setzt eine gemeinsame Initiative des&#8230;","publishpress_future_workflow_manual_trigger":{"enabledWorkflows":[]},"_links":{"self":[{"href":"https:\/\/moeckernkiez.org\/index.php?rest_route=\/wp\/v2\/pages\/10085","targetHints":{"allow":["GET"]}}],"collection":[{"href":"https:\/\/moeckernkiez.org\/index.php?rest_route=\/wp\/v2\/pages"}],"about":[{"href":"https:\/\/moeckernkiez.org\/index.php?rest_route=\/wp\/v2\/types\/page"}],"author":[{"embeddable":true,"href":"https:\/\/moeckernkiez.org\/index.php?rest_route=\/wp\/v2\/users\/2"}],"replies":[{"embeddable":true,"href":"https:\/\/moeckernkiez.org\/index.php?rest_route=%2Fwp%2Fv2%2Fcomments&post=10085"}],"version-history":[{"count":4,"href":"https:\/\/moeckernkiez.org\/index.php?rest_route=\/wp\/v2\/pages\/10085\/revisions"}],"predecessor-version":[{"id":10627,"href":"https:\/\/moeckernkiez.org\/index.php?rest_route=\/wp\/v2\/pages\/10085\/revisions\/10627"}],"wp:featuredmedia":[{"embeddable":true,"href":"https:\/\/moeckernkiez.org\/index.php?rest_route=\/wp\/v2\/media\/10054"}],"wp:attachment":[{"href":"https:\/\/moeckernkiez.org\/index.php?rest_route=%2Fwp%2Fv2%2Fmedia&parent=10085"}],"curies":[{"name":"wp","href":"https:\/\/api.w.org\/{rel}","templated":true}]}}