{"id":10075,"date":"2021-05-31T15:09:44","date_gmt":"2021-05-31T13:09:44","guid":{"rendered":"https:\/\/moeckernkiez.org\/?page_id=10075"},"modified":"2021-05-31T15:10:23","modified_gmt":"2021-05-31T13:10:23","slug":"arbeitsgruppe-moeca","status":"publish","type":"page","link":"https:\/\/moeckernkiez.org\/?page_id=10075","title":{"rendered":"Arbeitsgruppe M\u00f6ca"},"content":{"rendered":"\n<p>Wir sind inzwischen um die 40 Personen, die den Caf\u00e9bereich in der Kiezstation aufbauen m\u00f6chten. Wir freuen uns, wenn sich noch mehr melden, denn je mehr mitarbeiten, desto l\u00e4ngere \u00d6ffnungszeiten k\u00f6nnen wir sp\u00e4ter realisieren. Wir treffen uns regelm\u00e4\u00dfig, die Termine sind dem Kalender zu entnehmen.<\/p>\n","protected":false},"excerpt":{"rendered":"<p>Wir sind inzwischen um die 40 Personen, die den Caf\u00e9bereich in der Kiezstation aufbauen m\u00f6chten. Wir freuen uns, wenn sich&#8230;<\/p>\n","protected":false},"author":2,"featured_media":4031,"parent":0,"menu_order":0,"comment_status":"closed","ping_status":"closed","template":"","meta":{"_uag_custom_page_level_css":"","iawp_total_views":66,"footnotes":""},"class_list":["post-10075","page","type-page","status-publish","has-post-thumbnail","hentry","entry","rows-excerpt"],"uagb_featured_image_src":{"full":["https:\/\/moeckernkiez.org\/wp-content\/uploads\/2020\/07\/moeca-800x800-1-e1594364813605.png",800,286,false],"thumbnail":["https:\/\/moeckernkiez.org\/wp-content\/uploads\/2020\/07\/moeca-800x800-1-140x140.png",140,140,true],"medium":["https:\/\/moeckernkiez.org\/wp-content\/uploads\/2020\/07\/moeca-800x800-1-e1594364813605-350x125.png",350,125,true],"medium_large":["https:\/\/moeckernkiez.org\/wp-content\/uploads\/2020\/07\/moeca-800x800-1-e1594364813605-768x275.png",768,275,true],"large":["https:\/\/moeckernkiez.org\/wp-content\/uploads\/2020\/07\/moeca-800x800-1-e1594364813605.png",800,286,false],"1536x1536":["https:\/\/moeckernkiez.org\/wp-content\/uploads\/2020\/07\/moeca-800x800-1-e1594364813605.png",800,286,false],"2048x2048":["https:\/\/moeckernkiez.org\/wp-content\/uploads\/2020\/07\/moeca-800x800-1-e1594364813605.png",800,286,false],"awpcp-thumbnail":["https:\/\/moeckernkiez.org\/wp-content\/uploads\/2020\/07\/moeca-800x800-1-e1594364813605.png",200,72,false],"awpcp-featured":["https:\/\/moeckernkiez.org\/wp-content\/uploads\/2020\/07\/moeca-800x800-1-e1594364813605.png",300,107,false],"awpcp-featured-on-lists":["https:\/\/moeckernkiez.org\/wp-content\/uploads\/2020\/07\/moeca-800x800-1-e1594364813605.png",300,107,false],"awpcp-large":["https:\/\/moeckernkiez.org\/wp-content\/uploads\/2020\/07\/moeca-800x800-1-e1594364813605.png",640,229,false]},"uagb_author_info":{"display_name":"MB","author_link":"https:\/\/moeckernkiez.org\/?author=2"},"uagb_comment_info":0,"uagb_excerpt":"Wir sind inzwischen um die 40 Personen, die den Caf\u00e9bereich in der Kiezstation aufbauen m\u00f6chten. Wir freuen uns, wenn sich&#8230;","publishpress_future_workflow_manual_trigger":{"enabledWorkflows":[]},"_links":{"self":[{"href":"https:\/\/moeckernkiez.org\/index.php?rest_route=\/wp\/v2\/pages\/10075","targetHints":{"allow":["GET"]}}],"collection":[{"href":"https:\/\/moeckernkiez.org\/index.php?rest_route=\/wp\/v2\/pages"}],"about":[{"href":"https:\/\/moeckernkiez.org\/index.php?rest_route=\/wp\/v2\/types\/page"}],"author":[{"embeddable":true,"href":"https:\/\/moeckernkiez.org\/index.php?rest_route=\/wp\/v2\/users\/2"}],"replies":[{"embeddable":true,"href":"https:\/\/moeckernkiez.org\/index.php?rest_route=%2Fwp%2Fv2%2Fcomments&post=10075"}],"version-history":[{"count":1,"href":"https:\/\/moeckernkiez.org\/index.php?rest_route=\/wp\/v2\/pages\/10075\/revisions"}],"predecessor-version":[{"id":10076,"href":"https:\/\/moeckernkiez.org\/index.php?rest_route=\/wp\/v2\/pages\/10075\/revisions\/10076"}],"wp:featuredmedia":[{"embeddable":true,"href":"https:\/\/moeckernkiez.org\/index.php?rest_route=\/wp\/v2\/media\/4031"}],"wp:attachment":[{"href":"https:\/\/moeckernkiez.org\/index.php?rest_route=%2Fwp%2Fv2%2Fmedia&parent=10075"}],"curies":[{"name":"wp","href":"https:\/\/api.w.org\/{rel}","templated":true}]}}