{"id":10066,"date":"2021-05-31T14:48:58","date_gmt":"2021-05-31T12:48:58","guid":{"rendered":"https:\/\/moeckernkiez.org\/?page_id=10066"},"modified":"2021-05-31T14:50:38","modified_gmt":"2021-05-31T12:50:38","slug":"kopie-von-arbeitsgruppe-krach-knatsch","status":"publish","type":"page","link":"https:\/\/moeckernkiez.org\/?page_id=10066","title":{"rendered":"Arbeitsgruppe Kreuzberger Nachbarschaft"},"content":{"rendered":"\n<p>Uns ist wichtig, auch au\u00dferhalb des M\u00f6ckernkiezes Kontakte zur Kreuzberger Nachbarschaft und den vielen Kreuzberger Initiativen und Vereinen zu haben.<\/p>\n\n\n\n<p>Zum Beispiel k\u00fcmmern wir uns um die Pr\u00e4senz des M\u00f6ckernkiezes auf dem Hornstra\u00dfenfest und bieten Kulturprogramme w\u00e4hrend der Kreuzberger Kiezwoche an.<\/p>\n","protected":false},"excerpt":{"rendered":"<p>Uns ist wichtig, auch au\u00dferhalb des M\u00f6ckernkiezes Kontakte zur Kreuzberger Nachbarschaft und den vielen Kreuzberger Initiativen und Vereinen zu haben.&#8230;<\/p>\n","protected":false},"author":2,"featured_media":10054,"parent":0,"menu_order":0,"comment_status":"closed","ping_status":"closed","template":"","meta":{"_uag_custom_page_level_css":"","iawp_total_views":0,"footnotes":""},"class_list":["post-10066","page","type-page","status-publish","has-post-thumbnail","hentry","entry","rows-excerpt"],"uagb_featured_image_src":{"full":["https:\/\/moeckernkiez.org\/wp-content\/uploads\/2021\/05\/oalh2mojuuk.jpg",1024,683,false],"thumbnail":["https:\/\/moeckernkiez.org\/wp-content\/uploads\/2021\/05\/oalh2mojuuk-140x140.jpg",140,140,true],"medium":["https:\/\/moeckernkiez.org\/wp-content\/uploads\/2021\/05\/oalh2mojuuk-350x233.jpg",350,233,true],"medium_large":["https:\/\/moeckernkiez.org\/wp-content\/uploads\/2021\/05\/oalh2mojuuk-768x512.jpg",768,512,true],"large":["https:\/\/moeckernkiez.org\/wp-content\/uploads\/2021\/05\/oalh2mojuuk.jpg",1024,683,false],"1536x1536":["https:\/\/moeckernkiez.org\/wp-content\/uploads\/2021\/05\/oalh2mojuuk.jpg",1024,683,false],"2048x2048":["https:\/\/moeckernkiez.org\/wp-content\/uploads\/2021\/05\/oalh2mojuuk.jpg",1024,683,false],"awpcp-thumbnail":["https:\/\/moeckernkiez.org\/wp-content\/uploads\/2021\/05\/oalh2mojuuk.jpg",187,125,false],"awpcp-featured":["https:\/\/moeckernkiez.org\/wp-content\/uploads\/2021\/05\/oalh2mojuuk.jpg",300,200,false],"awpcp-featured-on-lists":["https:\/\/moeckernkiez.org\/wp-content\/uploads\/2021\/05\/oalh2mojuuk.jpg",300,200,false],"awpcp-large":["https:\/\/moeckernkiez.org\/wp-content\/uploads\/2021\/05\/oalh2mojuuk.jpg",640,427,false]},"uagb_author_info":{"display_name":"MB","author_link":"https:\/\/moeckernkiez.org\/?author=2"},"uagb_comment_info":0,"uagb_excerpt":"Uns ist wichtig, auch au\u00dferhalb des M\u00f6ckernkiezes Kontakte zur Kreuzberger Nachbarschaft und den vielen Kreuzberger Initiativen und Vereinen zu haben.&#8230;","publishpress_future_workflow_manual_trigger":{"enabledWorkflows":[]},"_links":{"self":[{"href":"https:\/\/moeckernkiez.org\/index.php?rest_route=\/wp\/v2\/pages\/10066","targetHints":{"allow":["GET"]}}],"collection":[{"href":"https:\/\/moeckernkiez.org\/index.php?rest_route=\/wp\/v2\/pages"}],"about":[{"href":"https:\/\/moeckernkiez.org\/index.php?rest_route=\/wp\/v2\/types\/page"}],"author":[{"embeddable":true,"href":"https:\/\/moeckernkiez.org\/index.php?rest_route=\/wp\/v2\/users\/2"}],"replies":[{"embeddable":true,"href":"https:\/\/moeckernkiez.org\/index.php?rest_route=%2Fwp%2Fv2%2Fcomments&post=10066"}],"version-history":[{"count":2,"href":"https:\/\/moeckernkiez.org\/index.php?rest_route=\/wp\/v2\/pages\/10066\/revisions"}],"predecessor-version":[{"id":10070,"href":"https:\/\/moeckernkiez.org\/index.php?rest_route=\/wp\/v2\/pages\/10066\/revisions\/10070"}],"wp:featuredmedia":[{"embeddable":true,"href":"https:\/\/moeckernkiez.org\/index.php?rest_route=\/wp\/v2\/media\/10054"}],"wp:attachment":[{"href":"https:\/\/moeckernkiez.org\/index.php?rest_route=%2Fwp%2Fv2%2Fmedia&parent=10066"}],"curies":[{"name":"wp","href":"https:\/\/api.w.org\/{rel}","templated":true}]}}