{"id":10064,"date":"2021-05-31T14:46:13","date_gmt":"2021-05-31T12:46:13","guid":{"rendered":"https:\/\/moeckernkiez.org\/?page_id=10064"},"modified":"2021-05-31T14:48:08","modified_gmt":"2021-05-31T12:48:08","slug":"arbeitsgruppe-krach-knatsch","status":"publish","type":"page","link":"https:\/\/moeckernkiez.org\/?page_id=10064","title":{"rendered":"Arbeitsgruppe Krach &#038; Knatsch"},"content":{"rendered":"\n<p>Die AG Krach &amp; Knatsch besteht aus ein paar Menschen, die sich im Zuge der sich versch\u00e4rfenden Konflikte rund um den L\u00e4rm am Stadtplatz im Sommer 2020 spontan zusammengetan haben, um einen Konsens anzustreben. Sie ist offen f\u00fcr alle Menschen. Wir freuen uns, wenn sich weitere Bewohner*innen dazu bereit erkl\u00e4ren, an kurz-, mittel- und langfristigen L\u00f6sungen rund um L\u00e4rm und Ruhebed\u00fcrfnisse im gesamten Kiez zu arbeiten und passende Methoden zu finden. <a href=\"https:\/\/moeckernkiez.de\/intranet\/forum\/rubrik\/kiez-politik-alltag\/\">Im M\u00f6ckernkiez Forum werden einige Vorschl\u00e4ge vorgestellt<\/a>.<\/p>\n\n\n\n<p>Die AG ist erreichbar per E-Mail an <a href=\"mailto:ag-krach-und-knatsch@moeckernkiez-berlin.de\">ag-krach-und-knatsch@moeckernkiez-berlin.de<\/a>.<\/p>\n","protected":false},"excerpt":{"rendered":"<p>Die AG Krach &amp; Knatsch besteht aus ein paar Menschen, die sich im Zuge der sich versch\u00e4rfenden Konflikte rund um&#8230;<\/p>\n","protected":false},"author":2,"featured_media":10054,"parent":0,"menu_order":0,"comment_status":"closed","ping_status":"closed","template":"","meta":{"_uag_custom_page_level_css":"","iawp_total_views":4,"footnotes":""},"class_list":["post-10064","page","type-page","status-publish","has-post-thumbnail","hentry","entry","rows-excerpt"],"uagb_featured_image_src":{"full":["https:\/\/moeckernkiez.org\/wp-content\/uploads\/2021\/05\/oalh2mojuuk.jpg",1024,683,false],"thumbnail":["https:\/\/moeckernkiez.org\/wp-content\/uploads\/2021\/05\/oalh2mojuuk-140x140.jpg",140,140,true],"medium":["https:\/\/moeckernkiez.org\/wp-content\/uploads\/2021\/05\/oalh2mojuuk-350x233.jpg",350,233,true],"medium_large":["https:\/\/moeckernkiez.org\/wp-content\/uploads\/2021\/05\/oalh2mojuuk-768x512.jpg",768,512,true],"large":["https:\/\/moeckernkiez.org\/wp-content\/uploads\/2021\/05\/oalh2mojuuk.jpg",1024,683,false],"1536x1536":["https:\/\/moeckernkiez.org\/wp-content\/uploads\/2021\/05\/oalh2mojuuk.jpg",1024,683,false],"2048x2048":["https:\/\/moeckernkiez.org\/wp-content\/uploads\/2021\/05\/oalh2mojuuk.jpg",1024,683,false],"awpcp-thumbnail":["https:\/\/moeckernkiez.org\/wp-content\/uploads\/2021\/05\/oalh2mojuuk.jpg",187,125,false],"awpcp-featured":["https:\/\/moeckernkiez.org\/wp-content\/uploads\/2021\/05\/oalh2mojuuk.jpg",300,200,false],"awpcp-featured-on-lists":["https:\/\/moeckernkiez.org\/wp-content\/uploads\/2021\/05\/oalh2mojuuk.jpg",300,200,false],"awpcp-large":["https:\/\/moeckernkiez.org\/wp-content\/uploads\/2021\/05\/oalh2mojuuk.jpg",640,427,false]},"uagb_author_info":{"display_name":"MB","author_link":"https:\/\/moeckernkiez.org\/?author=2"},"uagb_comment_info":0,"uagb_excerpt":"Die AG Krach &amp; Knatsch besteht aus ein paar Menschen, die sich im Zuge der sich versch\u00e4rfenden Konflikte rund um&#8230;","publishpress_future_workflow_manual_trigger":{"enabledWorkflows":[]},"_links":{"self":[{"href":"https:\/\/moeckernkiez.org\/index.php?rest_route=\/wp\/v2\/pages\/10064","targetHints":{"allow":["GET"]}}],"collection":[{"href":"https:\/\/moeckernkiez.org\/index.php?rest_route=\/wp\/v2\/pages"}],"about":[{"href":"https:\/\/moeckernkiez.org\/index.php?rest_route=\/wp\/v2\/types\/page"}],"author":[{"embeddable":true,"href":"https:\/\/moeckernkiez.org\/index.php?rest_route=\/wp\/v2\/users\/2"}],"replies":[{"embeddable":true,"href":"https:\/\/moeckernkiez.org\/index.php?rest_route=%2Fwp%2Fv2%2Fcomments&post=10064"}],"version-history":[{"count":2,"href":"https:\/\/moeckernkiez.org\/index.php?rest_route=\/wp\/v2\/pages\/10064\/revisions"}],"predecessor-version":[{"id":10067,"href":"https:\/\/moeckernkiez.org\/index.php?rest_route=\/wp\/v2\/pages\/10064\/revisions\/10067"}],"wp:featuredmedia":[{"embeddable":true,"href":"https:\/\/moeckernkiez.org\/index.php?rest_route=\/wp\/v2\/media\/10054"}],"wp:attachment":[{"href":"https:\/\/moeckernkiez.org\/index.php?rest_route=%2Fwp%2Fv2%2Fmedia&parent=10064"}],"curies":[{"name":"wp","href":"https:\/\/api.w.org\/{rel}","templated":true}]}}