{"id":10058,"date":"2021-05-31T14:38:24","date_gmt":"2021-05-31T12:38:24","guid":{"rendered":"https:\/\/moeckernkiez.org\/?page_id=10058"},"modified":"2021-09-20T16:49:27","modified_gmt":"2021-09-20T14:49:27","slug":"arbeitsgruppe-gruener-daumen","status":"publish","type":"page","link":"https:\/\/moeckernkiez.org\/?page_id=10058","title":{"rendered":"Arbeitsgruppe Gr\u00fcner Daumen"},"content":{"rendered":"\n<p>Hier werden Fragen, Ideen, Antworten, Stecklinge, Samen usw. ausgetauscht, die mit Au\u00dfenanlagen, Terrassen, Balkonen, Zimmerpflanzen des M\u00f6ckernkiez zu tun haben.<\/p>\n\n\n\n<p>Die f\u00fcr alle Genossenschaftsmitglieder offenen Treffen sind eine Art Forum, wo Themen diskutiert, Projekte vorgestellt und Initiativen angesto\u00dfen werden.<\/p>\n\n\n\n<p>Gr\u00fcner Daumen begleitet und koordiniert somit s\u00e4mtliche Angelegenheiten, die mit der Weiterentwicklung und Pflege der Gr\u00fcnanlagen im M\u00f6ckernkiez zu tun haben.<br>Wer also helfen m\u00f6chte die Pflanzenvielfalt im M\u00f6ckernkiez in Schuss zu halten meldet sich per E-Mail: <a href=\"mailto:gruenerdaumen@moeckernkiez.org\">gruenerdaumen@moeckernkiez.org<\/a><\/p>\n\n\n\n<h2 class=\"wp-block-heading\">Hier einige Projekte der AG Gr\u00fcner Daumen:<\/h2>\n\n\n\n<h2 class=\"wp-block-heading\">Begr\u00fcnung des Kiezplatzes<\/h2>\n\n\n\n<p>Vier abwechslungsreich bepflanzte Gitterboxen und f\u00fcnf Terrakottapflanzt\u00f6pfe wurden f\u00fcr die Begr\u00fcnung des Kiezplatzes im M\u00f6ckernkiez angeschafft und aufgestellt.<br>Die J\u00fcngsten im Kiez haben nat\u00fcrlich auch eine Kinderbox, in der so manche leckere Frucht versteckt ist.<\/p>\n\n\n\n<figure class=\"wp-block-video\"><video controls muted src=\"https:\/\/moeckernkiez.org\/wp-content\/uploads\/2020\/06\/bienentraum3.mp4\"><\/video><\/figure>\n\n\n\n<figure class=\"wp-block-image size-full\"><img loading=\"lazy\" decoding=\"async\" width=\"1024\" height=\"768\" src=\"https:\/\/moeckernkiez.org\/wp-content\/uploads\/2021\/06\/Kiezplatz-Blumen.jpg\" alt=\"\" class=\"wp-image-10761\" srcset=\"https:\/\/moeckernkiez.org\/wp-content\/uploads\/2021\/06\/Kiezplatz-Blumen.jpg 1024w, https:\/\/moeckernkiez.org\/wp-content\/uploads\/2021\/06\/Kiezplatz-Blumen-350x263.jpg 350w, https:\/\/moeckernkiez.org\/wp-content\/uploads\/2021\/06\/Kiezplatz-Blumen-768x576.jpg 768w\" sizes=\"auto, (max-width: 1024px) 100vw, 1024px\" \/><figcaption>Pr\u00e4chtig bl\u00fchende Gitterbox auf dem M\u00f6ckern<\/figcaption><\/figure>\n\n\n\n<p><br><\/p>\n\n\n\n<figure class=\"wp-block-video\"><video controls poster=\"https:\/\/moeckernkiez.org\/wp-content\/uploads\/2020\/07\/wild-bee-chamomile-flower-meadow-5322213.jpg\" src=\"https:\/\/moeckernkiez.org\/wp-content\/uploads\/2020\/06\/Flower-25997.mp4\"><\/video><\/figure>\n","protected":false},"excerpt":{"rendered":"<p>Hier werden Fragen, Ideen, Antworten, Stecklinge, Samen usw. ausgetauscht, die mit Au\u00dfenanlagen, Terrassen, Balkonen, Zimmerpflanzen des M\u00f6ckernkiez zu tun haben.&#8230;<\/p>\n","protected":false},"author":2,"featured_media":11522,"parent":0,"menu_order":0,"comment_status":"closed","ping_status":"closed","template":"","meta":{"_uag_custom_page_level_css":"","iawp_total_views":5,"footnotes":""},"class_list":["post-10058","page","type-page","status-publish","has-post-thumbnail","hentry","entry","rows-excerpt"],"uagb_featured_image_src":{"full":["https:\/\/moeckernkiez.org\/wp-content\/uploads\/2021\/08\/GruenerDaumen.jpg",1024,768,false],"thumbnail":["https:\/\/moeckernkiez.org\/wp-content\/uploads\/2021\/08\/GruenerDaumen-140x140.jpg",140,140,true],"medium":["https:\/\/moeckernkiez.org\/wp-content\/uploads\/2021\/08\/GruenerDaumen-350x263.jpg",350,263,true],"medium_large":["https:\/\/moeckernkiez.org\/wp-content\/uploads\/2021\/08\/GruenerDaumen-768x576.jpg",768,576,true],"large":["https:\/\/moeckernkiez.org\/wp-content\/uploads\/2021\/08\/GruenerDaumen.jpg",1024,768,false],"1536x1536":["https:\/\/moeckernkiez.org\/wp-content\/uploads\/2021\/08\/GruenerDaumen.jpg",1024,768,false],"2048x2048":["https:\/\/moeckernkiez.org\/wp-content\/uploads\/2021\/08\/GruenerDaumen.jpg",1024,768,false],"awpcp-thumbnail":["https:\/\/moeckernkiez.org\/wp-content\/uploads\/2021\/08\/GruenerDaumen.jpg",167,125,false],"awpcp-featured":["https:\/\/moeckernkiez.org\/wp-content\/uploads\/2021\/08\/GruenerDaumen.jpg",267,200,false],"awpcp-featured-on-lists":["https:\/\/moeckernkiez.org\/wp-content\/uploads\/2021\/08\/GruenerDaumen.jpg",300,225,false],"awpcp-large":["https:\/\/moeckernkiez.org\/wp-content\/uploads\/2021\/08\/GruenerDaumen.jpg",640,480,false]},"uagb_author_info":{"display_name":"MB","author_link":"https:\/\/moeckernkiez.org\/?author=2"},"uagb_comment_info":0,"uagb_excerpt":"Hier werden Fragen, Ideen, Antworten, Stecklinge, Samen usw. ausgetauscht, die mit Au\u00dfenanlagen, Terrassen, Balkonen, Zimmerpflanzen des M\u00f6ckernkiez zu tun haben.&#8230;","publishpress_future_workflow_manual_trigger":{"enabledWorkflows":[]},"_links":{"self":[{"href":"https:\/\/moeckernkiez.org\/index.php?rest_route=\/wp\/v2\/pages\/10058","targetHints":{"allow":["GET"]}}],"collection":[{"href":"https:\/\/moeckernkiez.org\/index.php?rest_route=\/wp\/v2\/pages"}],"about":[{"href":"https:\/\/moeckernkiez.org\/index.php?rest_route=\/wp\/v2\/types\/page"}],"author":[{"embeddable":true,"href":"https:\/\/moeckernkiez.org\/index.php?rest_route=\/wp\/v2\/users\/2"}],"replies":[{"embeddable":true,"href":"https:\/\/moeckernkiez.org\/index.php?rest_route=%2Fwp%2Fv2%2Fcomments&post=10058"}],"version-history":[{"count":4,"href":"https:\/\/moeckernkiez.org\/index.php?rest_route=\/wp\/v2\/pages\/10058\/revisions"}],"predecessor-version":[{"id":12639,"href":"https:\/\/moeckernkiez.org\/index.php?rest_route=\/wp\/v2\/pages\/10058\/revisions\/12639"}],"wp:featuredmedia":[{"embeddable":true,"href":"https:\/\/moeckernkiez.org\/index.php?rest_route=\/wp\/v2\/media\/11522"}],"wp:attachment":[{"href":"https:\/\/moeckernkiez.org\/index.php?rest_route=%2Fwp%2Fv2%2Fmedia&parent=10058"}],"curies":[{"name":"wp","href":"https:\/\/api.w.org\/{rel}","templated":true}]}}