{"id":10053,"date":"2021-05-31T14:31:05","date_gmt":"2021-05-31T12:31:05","guid":{"rendered":"https:\/\/moeckernkiez.org\/?page_id=10053"},"modified":"2021-09-14T18:07:01","modified_gmt":"2021-09-14T16:07:01","slug":"arbeitsgruppe-moeckernkiez-rational","status":"publish","type":"page","link":"https:\/\/moeckernkiez.org\/?page_id=10053","title":{"rendered":"Arbeitsgruppe M\u00f6ckernkiez rational"},"content":{"rendered":"\n<p>Wer wir sind &#8211; Wir sind da, weil es n\u00f6tig ist.Wir sind ein loser Zusammenschluss von Bewohnerinnen des M\u00f6ckernkiezes, die ein antifaschistisches Selbstverst\u00e4ndnis verbindet. Wir sind der \u00dcberzeugung, dass es im Kiez eine Vielfalt von Lebensentw\u00fcrfen geben soll. Das bedeutet allerdings nicht, dass jede Meinung, Haltung und Ideologie widerspruchslos zu ertragen ist, nur um den Frieden und die Behaglichkeit des Lebens in unserer Nachbarschaft nicht zu st\u00f6ren.<\/p>\n\n\n\n<p>Die Mitglieder der AG sind \u00fcberzeugt, dass es in zentrtalen gesellschaftlichen Themen keine Neutralit\u00e4t gibt. Wir werden esotersiche Verschw\u00f6rungsthorien und das Negieren und Leugnen dwissensscahftlicher Fakten ebenso wenig hinnehmen wie Rassisumus oder Antisemitismus. Die Arbeitsgruzppe tagt nicht regelm\u00e4\u00dfig, sonder wird aktiv, wenn es Mitgliedern n\u00f6tig scheint.<\/p>\n\n\n\n<p>Kontakt: moeckernkiez-rational@posteo.de<\/p>\n","protected":false},"excerpt":{"rendered":"<p>Wer wir sind &#8211; Wir sind da, weil es n\u00f6tig ist.Wir sind ein loser Zusammenschluss von Bewohnerinnen des M\u00f6ckernkiezes, die&#8230;<\/p>\n","protected":false},"author":2,"featured_media":10054,"parent":0,"menu_order":0,"comment_status":"closed","ping_status":"closed","template":"","meta":{"_uag_custom_page_level_css":"","iawp_total_views":12,"footnotes":""},"class_list":["post-10053","page","type-page","status-publish","has-post-thumbnail","hentry","entry","rows-excerpt"],"uagb_featured_image_src":{"full":["https:\/\/moeckernkiez.org\/wp-content\/uploads\/2021\/05\/oalh2mojuuk.jpg",1024,683,false],"thumbnail":["https:\/\/moeckernkiez.org\/wp-content\/uploads\/2021\/05\/oalh2mojuuk-140x140.jpg",140,140,true],"medium":["https:\/\/moeckernkiez.org\/wp-content\/uploads\/2021\/05\/oalh2mojuuk-350x233.jpg",350,233,true],"medium_large":["https:\/\/moeckernkiez.org\/wp-content\/uploads\/2021\/05\/oalh2mojuuk-768x512.jpg",768,512,true],"large":["https:\/\/moeckernkiez.org\/wp-content\/uploads\/2021\/05\/oalh2mojuuk.jpg",1024,683,false],"1536x1536":["https:\/\/moeckernkiez.org\/wp-content\/uploads\/2021\/05\/oalh2mojuuk.jpg",1024,683,false],"2048x2048":["https:\/\/moeckernkiez.org\/wp-content\/uploads\/2021\/05\/oalh2mojuuk.jpg",1024,683,false],"awpcp-thumbnail":["https:\/\/moeckernkiez.org\/wp-content\/uploads\/2021\/05\/oalh2mojuuk.jpg",187,125,false],"awpcp-featured":["https:\/\/moeckernkiez.org\/wp-content\/uploads\/2021\/05\/oalh2mojuuk.jpg",300,200,false],"awpcp-featured-on-lists":["https:\/\/moeckernkiez.org\/wp-content\/uploads\/2021\/05\/oalh2mojuuk.jpg",300,200,false],"awpcp-large":["https:\/\/moeckernkiez.org\/wp-content\/uploads\/2021\/05\/oalh2mojuuk.jpg",640,427,false]},"uagb_author_info":{"display_name":"MB","author_link":"https:\/\/moeckernkiez.org\/?author=2"},"uagb_comment_info":0,"uagb_excerpt":"Wer wir sind &#8211; Wir sind da, weil es n\u00f6tig ist.Wir sind ein loser Zusammenschluss von Bewohnerinnen des M\u00f6ckernkiezes, die&#8230;","publishpress_future_workflow_manual_trigger":{"enabledWorkflows":[]},"_links":{"self":[{"href":"https:\/\/moeckernkiez.org\/index.php?rest_route=\/wp\/v2\/pages\/10053","targetHints":{"allow":["GET"]}}],"collection":[{"href":"https:\/\/moeckernkiez.org\/index.php?rest_route=\/wp\/v2\/pages"}],"about":[{"href":"https:\/\/moeckernkiez.org\/index.php?rest_route=\/wp\/v2\/types\/page"}],"author":[{"embeddable":true,"href":"https:\/\/moeckernkiez.org\/index.php?rest_route=\/wp\/v2\/users\/2"}],"replies":[{"embeddable":true,"href":"https:\/\/moeckernkiez.org\/index.php?rest_route=%2Fwp%2Fv2%2Fcomments&post=10053"}],"version-history":[{"count":2,"href":"https:\/\/moeckernkiez.org\/index.php?rest_route=\/wp\/v2\/pages\/10053\/revisions"}],"predecessor-version":[{"id":12527,"href":"https:\/\/moeckernkiez.org\/index.php?rest_route=\/wp\/v2\/pages\/10053\/revisions\/12527"}],"wp:featuredmedia":[{"embeddable":true,"href":"https:\/\/moeckernkiez.org\/index.php?rest_route=\/wp\/v2\/media\/10054"}],"wp:attachment":[{"href":"https:\/\/moeckernkiez.org\/index.php?rest_route=%2Fwp%2Fv2%2Fmedia&parent=10053"}],"curies":[{"name":"wp","href":"https:\/\/api.w.org\/{rel}","templated":true}]}}